{"id":1398,"date":"2024-08-10T20:45:07","date_gmt":"2024-08-10T17:45:07","guid":{"rendered":"https:\/\/graffiti-shop.lt\/?post_type=product&#038;p=1398"},"modified":"2025-04-07T11:30:23","modified_gmt":"2025-04-07T08:30:23","slug":"individualus-uzsakymas","status":"publish","type":"product","link":"https:\/\/graffiti-shop.lt\/sv\/produkt\/individualus-uzsakymas\/","title":{"rendered":"Individual\u016bs u\u017esakymai"},"content":{"rendered":"","protected":false},"excerpt":{"rendered":"<p>Graffiti paveikslas pagal tavo nor\u0105!<\/p>\n<ol>\n<li>I\u0161sirink savo norim\u0105 nuotrauk\u0105.<\/li>\n<li>\u00a0Atlik mok\u0117jim\u0105 nurodydamas el. pa\u0161t\u0105.<\/li>\n<li>\u00a0Mums susisiekus per nurodyd\u0105 el. pa\u0161t\u0105 atsi\u0173sk norim\u0105 nuotrauk\u0105.<\/li>\n<li>\u00a0Pagaminsime trafaretus, kurie suteiks galimyb\u0119 pa\u010diam nusipie\u0161ti graffiti paveiksl\u0105!<\/li>\n<\/ol>\n<p>\u012e u\u017esakym\u0105 \u012feina: 3 trafaretai + 3 i\u0161sirinkti da\u017eai + pie\u0161imo pavir\u0161ius + pir\u0161tin\u0117s + pie\u0161imo galvut\u0117s.<\/p>\n<p>Prad\u017eiugink save arba mylim\u0105 \u017emog\u0173!<\/p>","protected":false},"featured_media":1399,"comment_status":"open","ping_status":"closed","template":"","meta":[],"product_cat":[30,15],"product_tag":[],"yoast_head":"<!-- This site is optimized with the Yoast SEO plugin v21.9.1 - https:\/\/yoast.com\/wordpress\/plugins\/seo\/ -->\n<title>Individual\u016bs u\u017esakymai - graffiti-shop.lt<\/title>\n<meta name=\"robots\" content=\"index, follow, max-snippet:-1, max-image-preview:large, max-video-preview:-1\" \/>\n<link rel=\"canonical\" href=\"https:\/\/graffiti-shop.lt\/sv\/produkt\/individualus-uzsakymas\/\" \/>\n<meta property=\"og:locale\" content=\"sv_SE\" \/>\n<meta property=\"og:type\" content=\"article\" \/>\n<meta property=\"og:title\" content=\"Individual\u016bs u\u017esakymai - graffiti-shop.lt\" \/>\n<meta property=\"og:description\" content=\"Graffiti paveikslas pagal tavo nor\u0105!   I\u0161sirink savo norim\u0105 nuotrauk\u0105.  \u00a0Atlik mok\u0117jim\u0105 nurodydamas el. pa\u0161t\u0105.  \u00a0Mums susisiekus per nurodyd\u0105 el. pa\u0161t\u0105 atsi\u0173sk norim\u0105 nuotrauk\u0105.  \u00a0Pagaminsime trafaretus, kurie suteiks galimyb\u0119 pa\u010diam nusipie\u0161ti graffiti paveiksl\u0105!  \u012e u\u017esakym\u0105 \u012feina: 3 trafaretai + 3 i\u0161sirinkti da\u017eai + pie\u0161imo pavir\u0161ius + pir\u0161tin\u0117s + pie\u0161imo galvut\u0117s.  Prad\u017eiugink save arba mylim\u0105 \u017emog\u0173!\" \/>\n<meta property=\"og:url\" content=\"https:\/\/graffiti-shop.lt\/sv\/produkt\/individualus-uzsakymas\/\" \/>\n<meta property=\"og:site_name\" content=\"graffiti-shop.lt\" \/>\n<meta property=\"article:modified_time\" content=\"2025-04-07T08:30:23+00:00\" \/>\n<meta property=\"og:image\" content=\"https:\/\/graffiti-shop.lt\/wp-content\/uploads\/2024\/08\/Add-a-heading-1.png\" \/>\n\t<meta property=\"og:image:width\" content=\"1080\" \/>\n\t<meta property=\"og:image:height\" content=\"1080\" \/>\n\t<meta property=\"og:image:type\" content=\"image\/png\" \/>\n<meta name=\"twitter:card\" content=\"summary_large_image\" \/>\n<meta name=\"twitter:label1\" content=\"Ber\u00e4knad l\u00e4stid\" \/>\n\t<meta name=\"twitter:data1\" content=\"1 minut\" \/>\n<script type=\"application\/ld+json\" class=\"yoast-schema-graph\">{\"@context\":\"https:\/\/schema.org\",\"@graph\":[{\"@type\":\"WebPage\",\"@id\":\"https:\/\/graffiti-shop.lt\/produktas\/individualus-uzsakymas\/\",\"url\":\"https:\/\/graffiti-shop.lt\/produktas\/individualus-uzsakymas\/\",\"name\":\"Individual\u016bs u\u017esakymai - graffiti-shop.lt\",\"isPartOf\":{\"@id\":\"https:\/\/graffiti-shop.lt\/#website\"},\"datePublished\":\"2024-08-10T17:45:07+00:00\",\"dateModified\":\"2025-04-07T08:30:23+00:00\",\"breadcrumb\":{\"@id\":\"https:\/\/graffiti-shop.lt\/produktas\/individualus-uzsakymas\/#breadcrumb\"},\"inLanguage\":\"sv-SE\",\"potentialAction\":[{\"@type\":\"ReadAction\",\"target\":[\"https:\/\/graffiti-shop.lt\/produktas\/individualus-uzsakymas\/\"]}]},{\"@type\":\"BreadcrumbList\",\"@id\":\"https:\/\/graffiti-shop.lt\/produktas\/individualus-uzsakymas\/#breadcrumb\",\"itemListElement\":[{\"@type\":\"ListItem\",\"position\":1,\"name\":\"Home\",\"item\":\"https:\/\/graffiti-shop.lt\/\"},{\"@type\":\"ListItem\",\"position\":2,\"name\":\"Parduotuv\u0117\",\"item\":\"https:\/\/graffiti-shop.lt\/parduotuve\/\"},{\"@type\":\"ListItem\",\"position\":3,\"name\":\"Individual\u016bs u\u017esakymai\"}]},{\"@type\":\"WebSite\",\"@id\":\"https:\/\/graffiti-shop.lt\/#website\",\"url\":\"https:\/\/graffiti-shop.lt\/\",\"name\":\"graffiti-shop.lt\",\"description\":\"\",\"publisher\":{\"@id\":\"https:\/\/graffiti-shop.lt\/#organization\"},\"potentialAction\":[{\"@type\":\"SearchAction\",\"target\":{\"@type\":\"EntryPoint\",\"urlTemplate\":\"https:\/\/graffiti-shop.lt\/?s={search_term_string}\"},\"query-input\":\"required name=search_term_string\"}],\"inLanguage\":\"sv-SE\"},{\"@type\":\"Organization\",\"@id\":\"https:\/\/graffiti-shop.lt\/#organization\",\"name\":\"graffiti-shop.lt\",\"url\":\"https:\/\/graffiti-shop.lt\/\",\"logo\":{\"@type\":\"ImageObject\",\"inLanguage\":\"sv-SE\",\"@id\":\"https:\/\/graffiti-shop.lt\/#\/schema\/logo\/image\/\",\"url\":\"https:\/\/graffiti-shop.lt\/wp-content\/uploads\/2025\/03\/cropped-Logo-1.png\",\"contentUrl\":\"https:\/\/graffiti-shop.lt\/wp-content\/uploads\/2025\/03\/cropped-Logo-1.png\",\"width\":486,\"height\":386,\"caption\":\"graffiti-shop.lt\"},\"image\":{\"@id\":\"https:\/\/graffiti-shop.lt\/#\/schema\/logo\/image\/\"}}]}<\/script>\n<!-- \/ Yoast SEO plugin. -->","yoast_head_json":{"title":"Individual\u016bs u\u017esakymai - graffiti-shop.lt","robots":{"index":"index","follow":"follow","max-snippet":"max-snippet:-1","max-image-preview":"max-image-preview:large","max-video-preview":"max-video-preview:-1"},"canonical":"https:\/\/graffiti-shop.lt\/sv\/produkt\/individualus-uzsakymas\/","og_locale":"sv_SE","og_type":"article","og_title":"Individual\u016bs u\u017esakymai - graffiti-shop.lt","og_description":"Graffiti paveikslas pagal tavo nor\u0105!   I\u0161sirink savo norim\u0105 nuotrauk\u0105.  \u00a0Atlik mok\u0117jim\u0105 nurodydamas el. pa\u0161t\u0105.  \u00a0Mums susisiekus per nurodyd\u0105 el. pa\u0161t\u0105 atsi\u0173sk norim\u0105 nuotrauk\u0105.  \u00a0Pagaminsime trafaretus, kurie suteiks galimyb\u0119 pa\u010diam nusipie\u0161ti graffiti paveiksl\u0105!  \u012e u\u017esakym\u0105 \u012feina: 3 trafaretai + 3 i\u0161sirinkti da\u017eai + pie\u0161imo pavir\u0161ius + pir\u0161tin\u0117s + pie\u0161imo galvut\u0117s.  Prad\u017eiugink save arba mylim\u0105 \u017emog\u0173!","og_url":"https:\/\/graffiti-shop.lt\/sv\/produkt\/individualus-uzsakymas\/","og_site_name":"graffiti-shop.lt","article_modified_time":"2025-04-07T08:30:23+00:00","og_image":[{"width":1080,"height":1080,"url":"https:\/\/graffiti-shop.lt\/wp-content\/uploads\/2024\/08\/Add-a-heading-1.png","type":"image\/png"}],"twitter_card":"summary_large_image","twitter_misc":{"Ber\u00e4knad l\u00e4stid":"1 minut"},"schema":{"@context":"https:\/\/schema.org","@graph":[{"@type":"WebPage","@id":"https:\/\/graffiti-shop.lt\/produktas\/individualus-uzsakymas\/","url":"https:\/\/graffiti-shop.lt\/produktas\/individualus-uzsakymas\/","name":"Individual\u016bs u\u017esakymai - graffiti-shop.lt","isPartOf":{"@id":"https:\/\/graffiti-shop.lt\/#website"},"datePublished":"2024-08-10T17:45:07+00:00","dateModified":"2025-04-07T08:30:23+00:00","breadcrumb":{"@id":"https:\/\/graffiti-shop.lt\/produktas\/individualus-uzsakymas\/#breadcrumb"},"inLanguage":"sv-SE","potentialAction":[{"@type":"ReadAction","target":["https:\/\/graffiti-shop.lt\/produktas\/individualus-uzsakymas\/"]}]},{"@type":"BreadcrumbList","@id":"https:\/\/graffiti-shop.lt\/produktas\/individualus-uzsakymas\/#breadcrumb","itemListElement":[{"@type":"ListItem","position":1,"name":"Home","item":"https:\/\/graffiti-shop.lt\/"},{"@type":"ListItem","position":2,"name":"Parduotuv\u0117","item":"https:\/\/graffiti-shop.lt\/parduotuve\/"},{"@type":"ListItem","position":3,"name":"Individual\u016bs u\u017esakymai"}]},{"@type":"WebSite","@id":"https:\/\/graffiti-shop.lt\/#website","url":"https:\/\/graffiti-shop.lt\/","name":"graffiti-shop.lt","description":"","publisher":{"@id":"https:\/\/graffiti-shop.lt\/#organization"},"potentialAction":[{"@type":"SearchAction","target":{"@type":"EntryPoint","urlTemplate":"https:\/\/graffiti-shop.lt\/?s={search_term_string}"},"query-input":"required name=search_term_string"}],"inLanguage":"sv-SE"},{"@type":"Organization","@id":"https:\/\/graffiti-shop.lt\/#organization","name":"graffiti-shop.lt","url":"https:\/\/graffiti-shop.lt\/","logo":{"@type":"ImageObject","inLanguage":"sv-SE","@id":"https:\/\/graffiti-shop.lt\/#\/schema\/logo\/image\/","url":"https:\/\/graffiti-shop.lt\/wp-content\/uploads\/2025\/03\/cropped-Logo-1.png","contentUrl":"https:\/\/graffiti-shop.lt\/wp-content\/uploads\/2025\/03\/cropped-Logo-1.png","width":486,"height":386,"caption":"graffiti-shop.lt"},"image":{"@id":"https:\/\/graffiti-shop.lt\/#\/schema\/logo\/image\/"}}]}},"jetpack_sharing_enabled":true,"_links":{"self":[{"href":"https:\/\/graffiti-shop.lt\/sv\/wp-json\/wp\/v2\/product\/1398"}],"collection":[{"href":"https:\/\/graffiti-shop.lt\/sv\/wp-json\/wp\/v2\/product"}],"about":[{"href":"https:\/\/graffiti-shop.lt\/sv\/wp-json\/wp\/v2\/types\/product"}],"replies":[{"embeddable":true,"href":"https:\/\/graffiti-shop.lt\/sv\/wp-json\/wp\/v2\/comments?post=1398"}],"wp:featuredmedia":[{"embeddable":true,"href":"https:\/\/graffiti-shop.lt\/sv\/wp-json\/wp\/v2\/media\/1399"}],"wp:attachment":[{"href":"https:\/\/graffiti-shop.lt\/sv\/wp-json\/wp\/v2\/media?parent=1398"}],"wp:term":[{"taxonomy":"product_cat","embeddable":true,"href":"https:\/\/graffiti-shop.lt\/sv\/wp-json\/wp\/v2\/product_cat?post=1398"},{"taxonomy":"product_tag","embeddable":true,"href":"https:\/\/graffiti-shop.lt\/sv\/wp-json\/wp\/v2\/product_tag?post=1398"}],"curies":[{"name":"wp","href":"https:\/\/api.w.org\/{rel}","templated":true}]}}