{"id":1509,"date":"2025-03-14T23:12:19","date_gmt":"2025-03-14T21:12:19","guid":{"rendered":"https:\/\/graffiti-shop.lt\/?post_type=product&#038;p=1509"},"modified":"2025-03-17T13:19:27","modified_gmt":"2025-03-17T11:19:27","slug":"graffiti-t-shirt-playboi-carti","status":"publish","type":"product","link":"https:\/\/graffiti-shop.lt\/sv\/produkt\/graffiti-t-shirt-playboi-carti\/","title":{"rendered":"Graffiti T-SHIRT &#8211; \u201ePlayboi Carti\u201d"},"content":{"rendered":"<p><strong>Playboi Carti mar\u0161kin\u0117liai su graffiti stiliaus pie\u0161iniu \u2013 100% medviln\u0117, unikalus dizainas, rank\u0173 darbo.<\/strong><\/p>\n<p>Ie\u0161kai i\u0161skirtini\u0173 mar\u0161kin\u0117li\u0173, kurie i\u0161reik\u0161t\u0173 tavo stili\u0173?\u00a0Graffiti mar\u0161kin\u0117liai su \u012f\u017eymybi\u0173 dizainu\u00a0\u2013 tai\u00a0vienetinis drabu\u017eis, kuris pritrauks vis\u0173 d\u0117mes\u012f.\u00a0Rank\u0173 darbo\u00a0pie\u0161inys sukurtas\u00a0gatv\u0117s meno (street art) ir graffiti\u00a0technika, tod\u0117l kiekviena maik\u0117 yra\u00a0unikali\u00a0ir skirta tiems, kurie nori i\u0161siskirti minioje.<\/p>\n<p><strong>Savyb\u0117s:<\/strong><\/p>\n<ul>\n<li><strong>100% auk\u0161tos kokyb\u0117s medviln\u0117<\/strong>\u00a0\u2013 patog\u016bs ir malon\u016bs prie k\u016bno.<\/li>\n<li><strong>Vienetinis dizainas<\/strong>\u00a0\u2013 kiekvienas mar\u0161kin\u0117lis pie\u0161tas rankomis, tod\u0117l\u00a0<strong>kito tokio paties nerasite<\/strong>.<\/li>\n<li><strong>Rank\u0173 darbas<\/strong>\u00a0\u2013 kruop\u0161\u010diai pie\u0161ta naudojant profesionalius graffiti flomasterius ir da\u017eus.<\/li>\n<li><strong>Graffiti stiliaus portretas<\/strong> \u2013 ikoni\u0161kas stilius, perteikiantis i\u0161skirtin\u0119 <strong>gatv\u0117s meno<\/strong> kult\u016br\u0105.<\/li>\n<li><strong>Lengva prie\u017ei\u016bra<\/strong>\u00a0\u2013 skalbti lengvu re\u017eimu\u00a0<strong>30\u00b0C<\/strong>, kad pie\u0161inys i\u0161likt\u0173 ilgai ry\u0161kus.<\/li>\n<\/ul>\n<p>\u0160ie\u00a0streetwear mar\u0161kin\u0117liai su graffiti menu\u00a0\u2013 tobula dovana\u00a0muzikos\u00a0ir\u00a0hip-hopo kult\u016bros\u00a0gerb\u0117jams, taip pat tiems, kas dievina\u00a0urban stili\u0173,\u00a0unikalius drabu\u017eius\u00a0ir nori palaikyti\u00a0vietinius menininkus.<\/p>\n<p>\u012esigyk dabar ir i\u0161reik\u0161k savo\u00a0gatv\u0117s stili\u0173\u00a0su\u00a0<strong>Place n Spray T-SHIRT<\/strong>\u00a0\u2013\u00a0<strong>limited edition!<\/strong><\/p>","protected":false},"excerpt":{"rendered":"<p>Mar\u0161kin\u0117li\u0173 dydis: <strong>M oversize<\/strong>.<\/p>\n<p>Tinkamas ne\u0161ioti asmenims <strong>150-200 cm \u016bgio<\/strong> ir <strong>50-100 kg mas\u0117s.<\/strong><\/p>","protected":false},"featured_media":1512,"comment_status":"open","ping_status":"closed","template":"","meta":[],"product_cat":[31],"product_tag":[],"yoast_head":"<!-- This site is optimized with the Yoast SEO plugin v21.9.1 - https:\/\/yoast.com\/wordpress\/plugins\/seo\/ -->\n<title>Graffiti T-SHIRT - \u201ePlayboi Carti\u201d - graffiti-shop.lt<\/title>\n<meta name=\"description\" content=\"Playboi Carti mar\u0161kin\u0117liai su graffiti stiliaus pie\u0161iniu \u2013 100% medviln\u0117, unikalus dizainas, rank\u0173 darbo.\u00a0Place n Spray T-SHIRT\u00a0\u2013\u00a0limited edition!\" \/>\n<meta name=\"robots\" content=\"index, follow, max-snippet:-1, max-image-preview:large, max-video-preview:-1\" \/>\n<link rel=\"canonical\" href=\"https:\/\/graffiti-shop.lt\/sv\/produkt\/graffiti-t-shirt-playboi-carti\/\" \/>\n<meta property=\"og:locale\" content=\"sv_SE\" \/>\n<meta property=\"og:type\" content=\"article\" \/>\n<meta property=\"og:title\" content=\"Graffiti T-SHIRT - \u201ePlayboi Carti\u201d - graffiti-shop.lt\" \/>\n<meta property=\"og:description\" content=\"Playboi Carti mar\u0161kin\u0117liai su graffiti stiliaus pie\u0161iniu \u2013 100% medviln\u0117, unikalus dizainas, rank\u0173 darbo.\u00a0Place n Spray T-SHIRT\u00a0\u2013\u00a0limited edition!\" \/>\n<meta property=\"og:url\" content=\"https:\/\/graffiti-shop.lt\/sv\/produkt\/graffiti-t-shirt-playboi-carti\/\" \/>\n<meta property=\"og:site_name\" content=\"graffiti-shop.lt\" \/>\n<meta property=\"article:modified_time\" content=\"2025-03-17T11:19:27+00:00\" \/>\n<meta property=\"og:image\" content=\"https:\/\/graffiti-shop.lt\/wp-content\/uploads\/2025\/03\/3-1-1024x1024.png\" \/>\n\t<meta property=\"og:image:width\" content=\"1024\" \/>\n\t<meta property=\"og:image:height\" content=\"1024\" \/>\n\t<meta property=\"og:image:type\" content=\"image\/png\" \/>\n<meta name=\"twitter:card\" content=\"summary_large_image\" \/>\n<meta name=\"twitter:label1\" content=\"Ber\u00e4knad l\u00e4stid\" \/>\n\t<meta name=\"twitter:data1\" content=\"2 minuter\" \/>\n<script type=\"application\/ld+json\" class=\"yoast-schema-graph\">{\"@context\":\"https:\/\/schema.org\",\"@graph\":[{\"@type\":\"WebPage\",\"@id\":\"https:\/\/graffiti-shop.lt\/produktas\/graffiti-t-shirt-playboi-carti\/\",\"url\":\"https:\/\/graffiti-shop.lt\/produktas\/graffiti-t-shirt-playboi-carti\/\",\"name\":\"Graffiti T-SHIRT - \u201ePlayboi Carti\u201d - graffiti-shop.lt\",\"isPartOf\":{\"@id\":\"https:\/\/graffiti-shop.lt\/#website\"},\"datePublished\":\"2025-03-14T21:12:19+00:00\",\"dateModified\":\"2025-03-17T11:19:27+00:00\",\"description\":\"Playboi Carti mar\u0161kin\u0117liai su graffiti stiliaus pie\u0161iniu \u2013 100% medviln\u0117, unikalus dizainas, rank\u0173 darbo.\u00a0Place n Spray T-SHIRT\u00a0\u2013\u00a0limited edition!\",\"breadcrumb\":{\"@id\":\"https:\/\/graffiti-shop.lt\/produktas\/graffiti-t-shirt-playboi-carti\/#breadcrumb\"},\"inLanguage\":\"sv-SE\",\"potentialAction\":[{\"@type\":\"ReadAction\",\"target\":[\"https:\/\/graffiti-shop.lt\/produktas\/graffiti-t-shirt-playboi-carti\/\"]}]},{\"@type\":\"BreadcrumbList\",\"@id\":\"https:\/\/graffiti-shop.lt\/produktas\/graffiti-t-shirt-playboi-carti\/#breadcrumb\",\"itemListElement\":[{\"@type\":\"ListItem\",\"position\":1,\"name\":\"Home\",\"item\":\"https:\/\/graffiti-shop.lt\/\"},{\"@type\":\"ListItem\",\"position\":2,\"name\":\"Parduotuv\u0117\",\"item\":\"https:\/\/graffiti-shop.lt\/parduotuve\/\"},{\"@type\":\"ListItem\",\"position\":3,\"name\":\"Graffiti T-SHIRT &#8211; \u201ePlayboi Carti\u201d\"}]},{\"@type\":\"WebSite\",\"@id\":\"https:\/\/graffiti-shop.lt\/#website\",\"url\":\"https:\/\/graffiti-shop.lt\/\",\"name\":\"graffiti-shop.lt\",\"description\":\"\",\"publisher\":{\"@id\":\"https:\/\/graffiti-shop.lt\/#organization\"},\"potentialAction\":[{\"@type\":\"SearchAction\",\"target\":{\"@type\":\"EntryPoint\",\"urlTemplate\":\"https:\/\/graffiti-shop.lt\/?s={search_term_string}\"},\"query-input\":\"required name=search_term_string\"}],\"inLanguage\":\"sv-SE\"},{\"@type\":\"Organization\",\"@id\":\"https:\/\/graffiti-shop.lt\/#organization\",\"name\":\"graffiti-shop.lt\",\"url\":\"https:\/\/graffiti-shop.lt\/\",\"logo\":{\"@type\":\"ImageObject\",\"inLanguage\":\"sv-SE\",\"@id\":\"https:\/\/graffiti-shop.lt\/#\/schema\/logo\/image\/\",\"url\":\"https:\/\/graffiti-shop.lt\/wp-content\/uploads\/2025\/03\/cropped-Logo-1.png\",\"contentUrl\":\"https:\/\/graffiti-shop.lt\/wp-content\/uploads\/2025\/03\/cropped-Logo-1.png\",\"width\":486,\"height\":386,\"caption\":\"graffiti-shop.lt\"},\"image\":{\"@id\":\"https:\/\/graffiti-shop.lt\/#\/schema\/logo\/image\/\"}}]}<\/script>\n<!-- \/ Yoast SEO plugin. -->","yoast_head_json":{"title":"Graffiti T-SHIRT - \u201ePlayboi Carti\u201d - graffiti-shop.lt","description":"Playboi Carti mar\u0161kin\u0117liai su graffiti stiliaus pie\u0161iniu \u2013 100% medviln\u0117, unikalus dizainas, rank\u0173 darbo.\u00a0Place n Spray T-SHIRT\u00a0\u2013\u00a0limited edition!","robots":{"index":"index","follow":"follow","max-snippet":"max-snippet:-1","max-image-preview":"max-image-preview:large","max-video-preview":"max-video-preview:-1"},"canonical":"https:\/\/graffiti-shop.lt\/sv\/produkt\/graffiti-t-shirt-playboi-carti\/","og_locale":"sv_SE","og_type":"article","og_title":"Graffiti T-SHIRT - \u201ePlayboi Carti\u201d - graffiti-shop.lt","og_description":"Playboi Carti mar\u0161kin\u0117liai su graffiti stiliaus pie\u0161iniu \u2013 100% medviln\u0117, unikalus dizainas, rank\u0173 darbo.\u00a0Place n Spray T-SHIRT\u00a0\u2013\u00a0limited edition!","og_url":"https:\/\/graffiti-shop.lt\/sv\/produkt\/graffiti-t-shirt-playboi-carti\/","og_site_name":"graffiti-shop.lt","article_modified_time":"2025-03-17T11:19:27+00:00","og_image":[{"width":1024,"height":1024,"url":"https:\/\/graffiti-shop.lt\/wp-content\/uploads\/2025\/03\/3-1-1024x1024.png","type":"image\/png"}],"twitter_card":"summary_large_image","twitter_misc":{"Ber\u00e4knad l\u00e4stid":"2 minuter"},"schema":{"@context":"https:\/\/schema.org","@graph":[{"@type":"WebPage","@id":"https:\/\/graffiti-shop.lt\/produktas\/graffiti-t-shirt-playboi-carti\/","url":"https:\/\/graffiti-shop.lt\/produktas\/graffiti-t-shirt-playboi-carti\/","name":"Graffiti T-SHIRT - \u201ePlayboi Carti\u201d - graffiti-shop.lt","isPartOf":{"@id":"https:\/\/graffiti-shop.lt\/#website"},"datePublished":"2025-03-14T21:12:19+00:00","dateModified":"2025-03-17T11:19:27+00:00","description":"Playboi Carti mar\u0161kin\u0117liai su graffiti stiliaus pie\u0161iniu \u2013 100% medviln\u0117, unikalus dizainas, rank\u0173 darbo.\u00a0Place n Spray T-SHIRT\u00a0\u2013\u00a0limited edition!","breadcrumb":{"@id":"https:\/\/graffiti-shop.lt\/produktas\/graffiti-t-shirt-playboi-carti\/#breadcrumb"},"inLanguage":"sv-SE","potentialAction":[{"@type":"ReadAction","target":["https:\/\/graffiti-shop.lt\/produktas\/graffiti-t-shirt-playboi-carti\/"]}]},{"@type":"BreadcrumbList","@id":"https:\/\/graffiti-shop.lt\/produktas\/graffiti-t-shirt-playboi-carti\/#breadcrumb","itemListElement":[{"@type":"ListItem","position":1,"name":"Home","item":"https:\/\/graffiti-shop.lt\/"},{"@type":"ListItem","position":2,"name":"Parduotuv\u0117","item":"https:\/\/graffiti-shop.lt\/parduotuve\/"},{"@type":"ListItem","position":3,"name":"Graffiti T-SHIRT &#8211; \u201ePlayboi Carti\u201d"}]},{"@type":"WebSite","@id":"https:\/\/graffiti-shop.lt\/#website","url":"https:\/\/graffiti-shop.lt\/","name":"graffiti-shop.lt","description":"","publisher":{"@id":"https:\/\/graffiti-shop.lt\/#organization"},"potentialAction":[{"@type":"SearchAction","target":{"@type":"EntryPoint","urlTemplate":"https:\/\/graffiti-shop.lt\/?s={search_term_string}"},"query-input":"required name=search_term_string"}],"inLanguage":"sv-SE"},{"@type":"Organization","@id":"https:\/\/graffiti-shop.lt\/#organization","name":"graffiti-shop.lt","url":"https:\/\/graffiti-shop.lt\/","logo":{"@type":"ImageObject","inLanguage":"sv-SE","@id":"https:\/\/graffiti-shop.lt\/#\/schema\/logo\/image\/","url":"https:\/\/graffiti-shop.lt\/wp-content\/uploads\/2025\/03\/cropped-Logo-1.png","contentUrl":"https:\/\/graffiti-shop.lt\/wp-content\/uploads\/2025\/03\/cropped-Logo-1.png","width":486,"height":386,"caption":"graffiti-shop.lt"},"image":{"@id":"https:\/\/graffiti-shop.lt\/#\/schema\/logo\/image\/"}}]}},"jetpack_sharing_enabled":true,"_links":{"self":[{"href":"https:\/\/graffiti-shop.lt\/sv\/wp-json\/wp\/v2\/product\/1509"}],"collection":[{"href":"https:\/\/graffiti-shop.lt\/sv\/wp-json\/wp\/v2\/product"}],"about":[{"href":"https:\/\/graffiti-shop.lt\/sv\/wp-json\/wp\/v2\/types\/product"}],"replies":[{"embeddable":true,"href":"https:\/\/graffiti-shop.lt\/sv\/wp-json\/wp\/v2\/comments?post=1509"}],"wp:featuredmedia":[{"embeddable":true,"href":"https:\/\/graffiti-shop.lt\/sv\/wp-json\/wp\/v2\/media\/1512"}],"wp:attachment":[{"href":"https:\/\/graffiti-shop.lt\/sv\/wp-json\/wp\/v2\/media?parent=1509"}],"wp:term":[{"taxonomy":"product_cat","embeddable":true,"href":"https:\/\/graffiti-shop.lt\/sv\/wp-json\/wp\/v2\/product_cat?post=1509"},{"taxonomy":"product_tag","embeddable":true,"href":"https:\/\/graffiti-shop.lt\/sv\/wp-json\/wp\/v2\/product_tag?post=1509"}],"curies":[{"name":"wp","href":"https:\/\/api.w.org\/{rel}","templated":true}]}}