{"id":1531,"date":"2025-03-15T09:24:47","date_gmt":"2025-03-15T07:24:47","guid":{"rendered":"https:\/\/graffiti-shop.lt\/?post_type=product&#038;p=1531"},"modified":"2025-04-25T10:23:56","modified_gmt":"2025-04-25T07:23:56","slug":"graffiti-t-shirt-aap-rocky-2","status":"publish","type":"product","link":"https:\/\/graffiti-shop.lt\/sv\/produkt\/graffiti-t-shirt-aap-rocky-2\/","title":{"rendered":"Graffiti T-SHIRT \u2013 \u201eA$AP Rocky\u201d"},"content":{"rendered":"<p><strong>A$AP Rocky mar\u0161kin\u0117liai su graffiti stiliaus pie\u0161iniu \u2013 100% medviln\u0117, unikalus dizainas, rank\u0173 darbo.<\/strong><\/p>\n<p>Ie\u0161kai i\u0161skirtini\u0173 mar\u0161kin\u0117li\u0173, kurie i\u0161reik\u0161t\u0173 tavo stili\u0173?\u00a0<strong>Graffiti mar\u0161kin\u0117liai su \u012f\u017eymybi\u0173 dizainu<\/strong>\u00a0\u2013 tai\u00a0<strong>vienetinis drabu\u017eis<\/strong>, kuris pritrauks vis\u0173 d\u0117mes\u012f.\u00a0<strong>Rank\u0173 darbo<\/strong>\u00a0pie\u0161inys sukurtas\u00a0<strong>gatv\u0117s meno (street art) ir graffiti<\/strong>\u00a0technika, tod\u0117l kiekviena maik\u0117 yra\u00a0<strong>unikali<\/strong>\u00a0ir skirta tiems, kurie nori i\u0161siskirti minioje.<\/p>\n<p><strong>Savyb\u0117s:<\/strong><\/p>\n<ul>\n<li><strong>100% auk\u0161tos kokyb\u0117s medviln\u0117<\/strong>\u00a0\u2013 patog\u016bs ir malon\u016bs prie k\u016bno.<\/li>\n<li><strong>Vienetinis dizainas<\/strong>\u00a0\u2013 kiekvienas mar\u0161kin\u0117lis pie\u0161tas rankomis, tod\u0117l\u00a0<strong>kito tokio paties nerasite<\/strong>.<\/li>\n<li><strong>Rank\u0173 darbas<\/strong>\u00a0\u2013 kruop\u0161\u010diai pie\u0161ta naudojant profesionalius graffiti flomasterius ir da\u017eus.<\/li>\n<li><strong>Graffiti stiliaus portretas<\/strong> \u2013 ikoni\u0161kas stilius, perteikiantis i\u0161skirtin\u0119 <strong>gatv\u0117s meno<\/strong> kult\u016br\u0105.<\/li>\n<li><strong>Lengva prie\u017ei\u016bra<\/strong>\u00a0\u2013 skalbti lengvu re\u017eimu\u00a0<strong>30\u00b0C<\/strong>, kad pie\u0161inys i\u0161likt\u0173 ilgai ry\u0161kus.<\/li>\n<\/ul>\n<p>\u0160ie\u00a0<strong>streetwear mar\u0161kin\u0117liai su graffiti menu<\/strong>\u00a0\u2013 tobula dovana\u00a0<strong>muzikos<\/strong>\u00a0ir\u00a0<strong>hip-hopo kult\u016bros<\/strong>\u00a0gerb\u0117jams, taip pat tiems, kas dievina\u00a0<strong>urban stili\u0173<\/strong>,\u00a0<strong>unikalius drabu\u017eius<\/strong>\u00a0ir nori palaikyti\u00a0<strong>vietinius menininkus<\/strong>.<\/p>\n<p>\u012esigyk dabar ir i\u0161reik\u0161k savo\u00a0<strong>gatv\u0117s stili\u0173<\/strong>\u00a0su\u00a0<strong>Place n Spray T-SHIRT<\/strong>\u00a0\u2013\u00a0<strong>limited edition!<\/strong><\/p>","protected":false},"excerpt":{"rendered":"<p>Mar\u0161kin\u0117li\u0173 dydis: <strong>M oversize<\/strong>.<\/p>\n<p>Tinkamas ne\u0161ioti asmenims <strong>150-200 cm \u016bgio<\/strong> ir <strong>50-100 kg mas\u0117s.<\/strong><\/p>","protected":false},"featured_media":1532,"comment_status":"open","ping_status":"closed","template":"","meta":[],"product_cat":[31],"product_tag":[],"yoast_head":"<!-- This site is optimized with the Yoast SEO plugin v21.9.1 - https:\/\/yoast.com\/wordpress\/plugins\/seo\/ -->\n<title>Graffiti T-SHIRT \u2013 \u201eA$AP Rocky\u201d - graffiti-shop.lt<\/title>\n<meta name=\"robots\" content=\"index, follow, max-snippet:-1, max-image-preview:large, max-video-preview:-1\" \/>\n<link rel=\"canonical\" href=\"https:\/\/graffiti-shop.lt\/sv\/produkt\/graffiti-t-shirt-aap-rocky-2\/\" \/>\n<meta property=\"og:locale\" content=\"sv_SE\" \/>\n<meta property=\"og:type\" content=\"article\" \/>\n<meta property=\"og:title\" content=\"Graffiti T-SHIRT \u2013 \u201eA$AP Rocky\u201d - graffiti-shop.lt\" \/>\n<meta property=\"og:description\" content=\"Mar\u0161kin\u0117li\u0173 dydis: M oversize.  Tinkamas ne\u0161ioti asmenims 150-200 cm \u016bgio ir 50-100 kg mas\u0117s.\" \/>\n<meta property=\"og:url\" content=\"https:\/\/graffiti-shop.lt\/sv\/produkt\/graffiti-t-shirt-aap-rocky-2\/\" \/>\n<meta property=\"og:site_name\" content=\"graffiti-shop.lt\" \/>\n<meta property=\"article:modified_time\" content=\"2025-04-25T07:23:56+00:00\" \/>\n<meta property=\"og:image\" content=\"https:\/\/graffiti-shop.lt\/wp-content\/uploads\/2025\/03\/5-1024x925.png\" \/>\n\t<meta property=\"og:image:width\" content=\"1024\" \/>\n\t<meta property=\"og:image:height\" content=\"925\" \/>\n\t<meta property=\"og:image:type\" content=\"image\/png\" \/>\n<meta name=\"twitter:card\" content=\"summary_large_image\" \/>\n<meta name=\"twitter:label1\" content=\"Ber\u00e4knad l\u00e4stid\" \/>\n\t<meta name=\"twitter:data1\" content=\"2 minuter\" \/>\n<script type=\"application\/ld+json\" class=\"yoast-schema-graph\">{\"@context\":\"https:\/\/schema.org\",\"@graph\":[{\"@type\":\"WebPage\",\"@id\":\"https:\/\/graffiti-shop.lt\/produktas\/graffiti-t-shirt-aap-rocky-2\/\",\"url\":\"https:\/\/graffiti-shop.lt\/produktas\/graffiti-t-shirt-aap-rocky-2\/\",\"name\":\"Graffiti T-SHIRT \u2013 \u201eA$AP Rocky\u201d - graffiti-shop.lt\",\"isPartOf\":{\"@id\":\"https:\/\/graffiti-shop.lt\/#website\"},\"datePublished\":\"2025-03-15T07:24:47+00:00\",\"dateModified\":\"2025-04-25T07:23:56+00:00\",\"breadcrumb\":{\"@id\":\"https:\/\/graffiti-shop.lt\/produktas\/graffiti-t-shirt-aap-rocky-2\/#breadcrumb\"},\"inLanguage\":\"sv-SE\",\"potentialAction\":[{\"@type\":\"ReadAction\",\"target\":[\"https:\/\/graffiti-shop.lt\/produktas\/graffiti-t-shirt-aap-rocky-2\/\"]}]},{\"@type\":\"BreadcrumbList\",\"@id\":\"https:\/\/graffiti-shop.lt\/produktas\/graffiti-t-shirt-aap-rocky-2\/#breadcrumb\",\"itemListElement\":[{\"@type\":\"ListItem\",\"position\":1,\"name\":\"Home\",\"item\":\"https:\/\/graffiti-shop.lt\/\"},{\"@type\":\"ListItem\",\"position\":2,\"name\":\"Parduotuv\u0117\",\"item\":\"https:\/\/graffiti-shop.lt\/parduotuve\/\"},{\"@type\":\"ListItem\",\"position\":3,\"name\":\"Graffiti T-SHIRT \u2013 \u201eA$AP Rocky\u201d\"}]},{\"@type\":\"WebSite\",\"@id\":\"https:\/\/graffiti-shop.lt\/#website\",\"url\":\"https:\/\/graffiti-shop.lt\/\",\"name\":\"graffiti-shop.lt\",\"description\":\"\",\"publisher\":{\"@id\":\"https:\/\/graffiti-shop.lt\/#organization\"},\"potentialAction\":[{\"@type\":\"SearchAction\",\"target\":{\"@type\":\"EntryPoint\",\"urlTemplate\":\"https:\/\/graffiti-shop.lt\/?s={search_term_string}\"},\"query-input\":\"required name=search_term_string\"}],\"inLanguage\":\"sv-SE\"},{\"@type\":\"Organization\",\"@id\":\"https:\/\/graffiti-shop.lt\/#organization\",\"name\":\"graffiti-shop.lt\",\"url\":\"https:\/\/graffiti-shop.lt\/\",\"logo\":{\"@type\":\"ImageObject\",\"inLanguage\":\"sv-SE\",\"@id\":\"https:\/\/graffiti-shop.lt\/#\/schema\/logo\/image\/\",\"url\":\"https:\/\/graffiti-shop.lt\/wp-content\/uploads\/2025\/03\/cropped-Logo-1.png\",\"contentUrl\":\"https:\/\/graffiti-shop.lt\/wp-content\/uploads\/2025\/03\/cropped-Logo-1.png\",\"width\":486,\"height\":386,\"caption\":\"graffiti-shop.lt\"},\"image\":{\"@id\":\"https:\/\/graffiti-shop.lt\/#\/schema\/logo\/image\/\"}}]}<\/script>\n<!-- \/ Yoast SEO plugin. -->","yoast_head_json":{"title":"Graffiti T-SHIRT \u2013 \u201eA$AP Rocky\u201d - graffiti-shop.lt","robots":{"index":"index","follow":"follow","max-snippet":"max-snippet:-1","max-image-preview":"max-image-preview:large","max-video-preview":"max-video-preview:-1"},"canonical":"https:\/\/graffiti-shop.lt\/sv\/produkt\/graffiti-t-shirt-aap-rocky-2\/","og_locale":"sv_SE","og_type":"article","og_title":"Graffiti T-SHIRT \u2013 \u201eA$AP Rocky\u201d - graffiti-shop.lt","og_description":"Mar\u0161kin\u0117li\u0173 dydis: M oversize.  Tinkamas ne\u0161ioti asmenims 150-200 cm \u016bgio ir 50-100 kg mas\u0117s.","og_url":"https:\/\/graffiti-shop.lt\/sv\/produkt\/graffiti-t-shirt-aap-rocky-2\/","og_site_name":"graffiti-shop.lt","article_modified_time":"2025-04-25T07:23:56+00:00","og_image":[{"width":1024,"height":925,"url":"https:\/\/graffiti-shop.lt\/wp-content\/uploads\/2025\/03\/5-1024x925.png","type":"image\/png"}],"twitter_card":"summary_large_image","twitter_misc":{"Ber\u00e4knad l\u00e4stid":"2 minuter"},"schema":{"@context":"https:\/\/schema.org","@graph":[{"@type":"WebPage","@id":"https:\/\/graffiti-shop.lt\/produktas\/graffiti-t-shirt-aap-rocky-2\/","url":"https:\/\/graffiti-shop.lt\/produktas\/graffiti-t-shirt-aap-rocky-2\/","name":"Graffiti T-SHIRT \u2013 \u201eA$AP Rocky\u201d - graffiti-shop.lt","isPartOf":{"@id":"https:\/\/graffiti-shop.lt\/#website"},"datePublished":"2025-03-15T07:24:47+00:00","dateModified":"2025-04-25T07:23:56+00:00","breadcrumb":{"@id":"https:\/\/graffiti-shop.lt\/produktas\/graffiti-t-shirt-aap-rocky-2\/#breadcrumb"},"inLanguage":"sv-SE","potentialAction":[{"@type":"ReadAction","target":["https:\/\/graffiti-shop.lt\/produktas\/graffiti-t-shirt-aap-rocky-2\/"]}]},{"@type":"BreadcrumbList","@id":"https:\/\/graffiti-shop.lt\/produktas\/graffiti-t-shirt-aap-rocky-2\/#breadcrumb","itemListElement":[{"@type":"ListItem","position":1,"name":"Home","item":"https:\/\/graffiti-shop.lt\/"},{"@type":"ListItem","position":2,"name":"Parduotuv\u0117","item":"https:\/\/graffiti-shop.lt\/parduotuve\/"},{"@type":"ListItem","position":3,"name":"Graffiti T-SHIRT \u2013 \u201eA$AP Rocky\u201d"}]},{"@type":"WebSite","@id":"https:\/\/graffiti-shop.lt\/#website","url":"https:\/\/graffiti-shop.lt\/","name":"graffiti-shop.lt","description":"","publisher":{"@id":"https:\/\/graffiti-shop.lt\/#organization"},"potentialAction":[{"@type":"SearchAction","target":{"@type":"EntryPoint","urlTemplate":"https:\/\/graffiti-shop.lt\/?s={search_term_string}"},"query-input":"required name=search_term_string"}],"inLanguage":"sv-SE"},{"@type":"Organization","@id":"https:\/\/graffiti-shop.lt\/#organization","name":"graffiti-shop.lt","url":"https:\/\/graffiti-shop.lt\/","logo":{"@type":"ImageObject","inLanguage":"sv-SE","@id":"https:\/\/graffiti-shop.lt\/#\/schema\/logo\/image\/","url":"https:\/\/graffiti-shop.lt\/wp-content\/uploads\/2025\/03\/cropped-Logo-1.png","contentUrl":"https:\/\/graffiti-shop.lt\/wp-content\/uploads\/2025\/03\/cropped-Logo-1.png","width":486,"height":386,"caption":"graffiti-shop.lt"},"image":{"@id":"https:\/\/graffiti-shop.lt\/#\/schema\/logo\/image\/"}}]}},"jetpack_sharing_enabled":true,"_links":{"self":[{"href":"https:\/\/graffiti-shop.lt\/sv\/wp-json\/wp\/v2\/product\/1531"}],"collection":[{"href":"https:\/\/graffiti-shop.lt\/sv\/wp-json\/wp\/v2\/product"}],"about":[{"href":"https:\/\/graffiti-shop.lt\/sv\/wp-json\/wp\/v2\/types\/product"}],"replies":[{"embeddable":true,"href":"https:\/\/graffiti-shop.lt\/sv\/wp-json\/wp\/v2\/comments?post=1531"}],"wp:featuredmedia":[{"embeddable":true,"href":"https:\/\/graffiti-shop.lt\/sv\/wp-json\/wp\/v2\/media\/1532"}],"wp:attachment":[{"href":"https:\/\/graffiti-shop.lt\/sv\/wp-json\/wp\/v2\/media?parent=1531"}],"wp:term":[{"taxonomy":"product_cat","embeddable":true,"href":"https:\/\/graffiti-shop.lt\/sv\/wp-json\/wp\/v2\/product_cat?post=1531"},{"taxonomy":"product_tag","embeddable":true,"href":"https:\/\/graffiti-shop.lt\/sv\/wp-json\/wp\/v2\/product_tag?post=1531"}],"curies":[{"name":"wp","href":"https:\/\/api.w.org\/{rel}","templated":true}]}}