{"id":1559,"date":"2025-03-15T10:21:59","date_gmt":"2025-03-15T08:21:59","guid":{"rendered":"https:\/\/graffiti-shop.lt\/?post_type=product&#038;p=1559"},"modified":"2025-04-25T10:21:33","modified_gmt":"2025-04-25T07:21:33","slug":"playboi-carti-graffiti","status":"publish","type":"product","link":"https:\/\/graffiti-shop.lt\/sv\/produkt\/playboi-carti-graffiti\/","title":{"rendered":"Antanas Repe\u010dka x Place n Spray &#8211;  \u201ePlayboi Carti\u201c Graffiti Paveikslas"},"content":{"rendered":"<p data-start=\"67\" data-end=\"391\"><strong data-start=\"0\" data-end=\"55\" data-is-only-node=\"\">\u201ePlayboi Carti\u201c Graffiti Paveikslas<\/strong> \u2013 unikalus, rank\u0173 darbo k\u016brinys, vaizduojantis vien\u0105 garsiausi\u0173 Hip-hop kult\u016bros \u017evaig\u017ed\u017ei\u0173. Pie\u0161inys atliktas ant tvirtos plok\u0161t\u0117s, puikiai tinkantis moderniam interjerui ar kaip i\u0161skirtin\u0117 dovana. <strong data-start=\"374\" data-end=\"389\">#IAMMUSIC<\/strong><\/p>\n<p data-start=\"393\" data-end=\"820\">\ud83d\udd8c\u00a0<strong data-start=\"396\" data-end=\"429\">Apie autori\u0173 \u2013 Antan\u0105 Repe\u010dk\u0105<\/strong><br data-start=\"429\" data-end=\"432\" \/>Antanas Repe\u010dka \u2013 Vilniuje gim\u0119s menininkas (1993-06-28), kurio k\u016brybinis kelias prasid\u0117jo dar vaikyst\u0117je. Nuo 2008 m. aktyviai dalyvauja oficialiuose gatv\u0117s meno renginiuose, eksperimentuodamas su \u012fvairiomis meno technikomis. Studijav\u0119s Vilniaus J. Vieno\u017einskio dail\u0117s mokykloje, v\u0117liau baig\u0119s VGTU In\u017einerijos Lic\u0117j\u0173, jis daugiau nei de\u0161imtmet\u012f u\u017esiima vizualini\u0173 meno k\u016brini\u0173 gamyba.<\/p>\n<p data-start=\"822\" data-end=\"1208\">Antano darbai buvo pristatyti solo parodose, tokiose kaip\u00a0<strong data-start=\"880\" data-end=\"973\">\u201eKasdienyb\u0117s \u0161e\u0161\u0117liuose\u201c (2024, galerija \u201emOrka\u201c) ir \u201e\u0160alutinis poveikis\u201c (2021, Vilnius)<\/strong>. Taip pat jis bendradarbiavo su prek\u0117s \u017eenklais, tarp j\u0173\u00a0<strong data-start=\"1031\" data-end=\"1055\">\u201eIQOS\u201c ir \u201eLTG Link\u201c<\/strong>, k\u016br\u0117 scenografij\u0105 muzikiniams klipams, o 2022 m. \u012fstojo \u012f\u00a0<strong data-start=\"1115\" data-end=\"1144\">Vilniaus Dail\u0117s Akademij\u0105<\/strong>, kur \u0161iuo metu aktyviai studijuoja \u012fvietinto meno specialyb\u0119.<\/p>\n<p data-start=\"1210\" data-end=\"1385\">\ud83c\udfa8\u00a0<strong data-start=\"1213\" data-end=\"1292\">Antano darbai \u2013 unikal\u016bs, i\u0161skirtiniai ir atpa\u017e\u012fstami d\u0117l jo savito brai\u017eo.<\/strong>\u00a0Kiekvienas k\u016brinys \u2013 tai ne tik vizualus menas, bet ir gili id\u0117ja, kvie\u010dianti susim\u0105styti.<\/p>\n<p data-start=\"1387\" data-end=\"1672\" data-is-last-node=\"\" data-is-only-node=\"\">\ud83d\udcf2\u00a0<strong data-start=\"1390\" data-end=\"1421\">Sekite meninink\u0105 internete:<\/strong><br data-start=\"1421\" data-end=\"1424\" \/>\ud83d\udd39\u00a0<strong data-start=\"1427\" data-end=\"1441\">Instagram:<\/strong>\u00a0<a href=\"https:\/\/www.instagram.com\/antanas.repecka\" target=\"_new\" rel=\"noopener\" data-start=\"1442\" data-end=\"1503\">@antanas.repecka<\/a><br data-start=\"1503\" data-end=\"1506\" \/>\ud83d\udd39\u00a0<strong data-start=\"1509\" data-end=\"1521\">YouTube:<\/strong>\u00a0<a href=\"https:\/\/youtube.com\/@antanas.repecka\" target=\"_new\" rel=\"noopener\" data-start=\"1522\" data-end=\"1590\">youtube.com\/@antanas.repecka<\/a><br data-start=\"1590\" data-end=\"1593\" \/>\ud83d\udd39\u00a0<strong data-start=\"1596\" data-end=\"1609\">Facebook:<\/strong>\u00a0<a href=\"https:\/\/www.facebook.com\/antantatts\" target=\"_new\" rel=\"noopener\" data-start=\"1610\" data-end=\"1672\" data-is-last-node=\"\">facebook.com\/antantatts<\/a><\/p>","protected":false},"excerpt":{"rendered":"<p><em>Autenti\u0161kas Place n Spray paveikslas su autografu. Vienintelis \u0161i\u0173 spalv\u0173 kombinacijos meno k\u016brinys prekyboje.<\/em><\/p>\n<p><em>Dydis: 65 cm x 65 cm<\/em><\/p>","protected":false},"featured_media":1560,"comment_status":"open","ping_status":"closed","template":"","meta":[],"product_cat":[29],"product_tag":[],"yoast_head":"<!-- This site is optimized with the Yoast SEO plugin v21.9.1 - https:\/\/yoast.com\/wordpress\/plugins\/seo\/ -->\n<title>Antanas Repe\u010dka x Place n Spray - \u201ePlayboi Carti\u201c Graffiti Paveikslas - graffiti-shop.lt<\/title>\n<meta name=\"robots\" content=\"index, follow, max-snippet:-1, max-image-preview:large, max-video-preview:-1\" \/>\n<link rel=\"canonical\" href=\"https:\/\/graffiti-shop.lt\/sv\/produkt\/playboi-carti-graffiti\/\" \/>\n<meta property=\"og:locale\" content=\"sv_SE\" \/>\n<meta property=\"og:type\" content=\"article\" \/>\n<meta property=\"og:title\" content=\"Antanas Repe\u010dka x Place n Spray - \u201ePlayboi Carti\u201c Graffiti Paveikslas - graffiti-shop.lt\" \/>\n<meta property=\"og:description\" content=\"Autenti\u0161kas Place n Spray paveikslas su autografu. Vienintelis \u0161i\u0173 spalv\u0173 kombinacijos meno k\u016brinys prekyboje.  Dydis: 65 cm x 65 cm\" \/>\n<meta property=\"og:url\" content=\"https:\/\/graffiti-shop.lt\/sv\/produkt\/playboi-carti-graffiti\/\" \/>\n<meta property=\"og:site_name\" content=\"graffiti-shop.lt\" \/>\n<meta property=\"article:modified_time\" content=\"2025-04-25T07:21:33+00:00\" \/>\n<meta property=\"og:image\" content=\"https:\/\/graffiti-shop.lt\/wp-content\/uploads\/2025\/03\/IMG_5719-scaled.jpeg\" \/>\n\t<meta property=\"og:image:width\" content=\"2560\" \/>\n\t<meta property=\"og:image:height\" content=\"2560\" \/>\n\t<meta property=\"og:image:type\" content=\"image\/jpeg\" \/>\n<meta name=\"twitter:card\" content=\"summary_large_image\" \/>\n<meta name=\"twitter:label1\" content=\"Ber\u00e4knad l\u00e4stid\" \/>\n\t<meta name=\"twitter:data1\" content=\"2 minuter\" \/>\n<script type=\"application\/ld+json\" class=\"yoast-schema-graph\">{\"@context\":\"https:\/\/schema.org\",\"@graph\":[{\"@type\":\"WebPage\",\"@id\":\"https:\/\/graffiti-shop.lt\/produktas\/playboi-carti-graffiti\/\",\"url\":\"https:\/\/graffiti-shop.lt\/produktas\/playboi-carti-graffiti\/\",\"name\":\"Antanas Repe\u010dka x Place n Spray - \u201ePlayboi Carti\u201c Graffiti Paveikslas - graffiti-shop.lt\",\"isPartOf\":{\"@id\":\"https:\/\/graffiti-shop.lt\/#website\"},\"datePublished\":\"2025-03-15T08:21:59+00:00\",\"dateModified\":\"2025-04-25T07:21:33+00:00\",\"breadcrumb\":{\"@id\":\"https:\/\/graffiti-shop.lt\/produktas\/playboi-carti-graffiti\/#breadcrumb\"},\"inLanguage\":\"sv-SE\",\"potentialAction\":[{\"@type\":\"ReadAction\",\"target\":[\"https:\/\/graffiti-shop.lt\/produktas\/playboi-carti-graffiti\/\"]}]},{\"@type\":\"BreadcrumbList\",\"@id\":\"https:\/\/graffiti-shop.lt\/produktas\/playboi-carti-graffiti\/#breadcrumb\",\"itemListElement\":[{\"@type\":\"ListItem\",\"position\":1,\"name\":\"Home\",\"item\":\"https:\/\/graffiti-shop.lt\/\"},{\"@type\":\"ListItem\",\"position\":2,\"name\":\"Parduotuv\u0117\",\"item\":\"https:\/\/graffiti-shop.lt\/parduotuve\/\"},{\"@type\":\"ListItem\",\"position\":3,\"name\":\"Antanas Repe\u010dka x Place n Spray &#8211; \u201ePlayboi Carti\u201c Graffiti Paveikslas\"}]},{\"@type\":\"WebSite\",\"@id\":\"https:\/\/graffiti-shop.lt\/#website\",\"url\":\"https:\/\/graffiti-shop.lt\/\",\"name\":\"graffiti-shop.lt\",\"description\":\"\",\"publisher\":{\"@id\":\"https:\/\/graffiti-shop.lt\/#organization\"},\"potentialAction\":[{\"@type\":\"SearchAction\",\"target\":{\"@type\":\"EntryPoint\",\"urlTemplate\":\"https:\/\/graffiti-shop.lt\/?s={search_term_string}\"},\"query-input\":\"required name=search_term_string\"}],\"inLanguage\":\"sv-SE\"},{\"@type\":\"Organization\",\"@id\":\"https:\/\/graffiti-shop.lt\/#organization\",\"name\":\"graffiti-shop.lt\",\"url\":\"https:\/\/graffiti-shop.lt\/\",\"logo\":{\"@type\":\"ImageObject\",\"inLanguage\":\"sv-SE\",\"@id\":\"https:\/\/graffiti-shop.lt\/#\/schema\/logo\/image\/\",\"url\":\"https:\/\/graffiti-shop.lt\/wp-content\/uploads\/2025\/03\/cropped-Logo-1.png\",\"contentUrl\":\"https:\/\/graffiti-shop.lt\/wp-content\/uploads\/2025\/03\/cropped-Logo-1.png\",\"width\":486,\"height\":386,\"caption\":\"graffiti-shop.lt\"},\"image\":{\"@id\":\"https:\/\/graffiti-shop.lt\/#\/schema\/logo\/image\/\"}}]}<\/script>\n<!-- \/ Yoast SEO plugin. -->","yoast_head_json":{"title":"Antanas Repe\u010dka x Place n Spray - \u201ePlayboi Carti\u201c Graffiti Paveikslas - graffiti-shop.lt","robots":{"index":"index","follow":"follow","max-snippet":"max-snippet:-1","max-image-preview":"max-image-preview:large","max-video-preview":"max-video-preview:-1"},"canonical":"https:\/\/graffiti-shop.lt\/sv\/produkt\/playboi-carti-graffiti\/","og_locale":"sv_SE","og_type":"article","og_title":"Antanas Repe\u010dka x Place n Spray - \u201ePlayboi Carti\u201c Graffiti Paveikslas - graffiti-shop.lt","og_description":"Autenti\u0161kas Place n Spray paveikslas su autografu. Vienintelis \u0161i\u0173 spalv\u0173 kombinacijos meno k\u016brinys prekyboje.  Dydis: 65 cm x 65 cm","og_url":"https:\/\/graffiti-shop.lt\/sv\/produkt\/playboi-carti-graffiti\/","og_site_name":"graffiti-shop.lt","article_modified_time":"2025-04-25T07:21:33+00:00","og_image":[{"width":2560,"height":2560,"url":"https:\/\/graffiti-shop.lt\/wp-content\/uploads\/2025\/03\/IMG_5719-scaled.jpeg","type":"image\/jpeg"}],"twitter_card":"summary_large_image","twitter_misc":{"Ber\u00e4knad l\u00e4stid":"2 minuter"},"schema":{"@context":"https:\/\/schema.org","@graph":[{"@type":"WebPage","@id":"https:\/\/graffiti-shop.lt\/produktas\/playboi-carti-graffiti\/","url":"https:\/\/graffiti-shop.lt\/produktas\/playboi-carti-graffiti\/","name":"Antanas Repe\u010dka x Place n Spray - \u201ePlayboi Carti\u201c Graffiti Paveikslas - graffiti-shop.lt","isPartOf":{"@id":"https:\/\/graffiti-shop.lt\/#website"},"datePublished":"2025-03-15T08:21:59+00:00","dateModified":"2025-04-25T07:21:33+00:00","breadcrumb":{"@id":"https:\/\/graffiti-shop.lt\/produktas\/playboi-carti-graffiti\/#breadcrumb"},"inLanguage":"sv-SE","potentialAction":[{"@type":"ReadAction","target":["https:\/\/graffiti-shop.lt\/produktas\/playboi-carti-graffiti\/"]}]},{"@type":"BreadcrumbList","@id":"https:\/\/graffiti-shop.lt\/produktas\/playboi-carti-graffiti\/#breadcrumb","itemListElement":[{"@type":"ListItem","position":1,"name":"Home","item":"https:\/\/graffiti-shop.lt\/"},{"@type":"ListItem","position":2,"name":"Parduotuv\u0117","item":"https:\/\/graffiti-shop.lt\/parduotuve\/"},{"@type":"ListItem","position":3,"name":"Antanas Repe\u010dka x Place n Spray &#8211; \u201ePlayboi Carti\u201c Graffiti Paveikslas"}]},{"@type":"WebSite","@id":"https:\/\/graffiti-shop.lt\/#website","url":"https:\/\/graffiti-shop.lt\/","name":"graffiti-shop.lt","description":"","publisher":{"@id":"https:\/\/graffiti-shop.lt\/#organization"},"potentialAction":[{"@type":"SearchAction","target":{"@type":"EntryPoint","urlTemplate":"https:\/\/graffiti-shop.lt\/?s={search_term_string}"},"query-input":"required name=search_term_string"}],"inLanguage":"sv-SE"},{"@type":"Organization","@id":"https:\/\/graffiti-shop.lt\/#organization","name":"graffiti-shop.lt","url":"https:\/\/graffiti-shop.lt\/","logo":{"@type":"ImageObject","inLanguage":"sv-SE","@id":"https:\/\/graffiti-shop.lt\/#\/schema\/logo\/image\/","url":"https:\/\/graffiti-shop.lt\/wp-content\/uploads\/2025\/03\/cropped-Logo-1.png","contentUrl":"https:\/\/graffiti-shop.lt\/wp-content\/uploads\/2025\/03\/cropped-Logo-1.png","width":486,"height":386,"caption":"graffiti-shop.lt"},"image":{"@id":"https:\/\/graffiti-shop.lt\/#\/schema\/logo\/image\/"}}]}},"jetpack_sharing_enabled":true,"_links":{"self":[{"href":"https:\/\/graffiti-shop.lt\/sv\/wp-json\/wp\/v2\/product\/1559"}],"collection":[{"href":"https:\/\/graffiti-shop.lt\/sv\/wp-json\/wp\/v2\/product"}],"about":[{"href":"https:\/\/graffiti-shop.lt\/sv\/wp-json\/wp\/v2\/types\/product"}],"replies":[{"embeddable":true,"href":"https:\/\/graffiti-shop.lt\/sv\/wp-json\/wp\/v2\/comments?post=1559"}],"wp:featuredmedia":[{"embeddable":true,"href":"https:\/\/graffiti-shop.lt\/sv\/wp-json\/wp\/v2\/media\/1560"}],"wp:attachment":[{"href":"https:\/\/graffiti-shop.lt\/sv\/wp-json\/wp\/v2\/media?parent=1559"}],"wp:term":[{"taxonomy":"product_cat","embeddable":true,"href":"https:\/\/graffiti-shop.lt\/sv\/wp-json\/wp\/v2\/product_cat?post=1559"},{"taxonomy":"product_tag","embeddable":true,"href":"https:\/\/graffiti-shop.lt\/sv\/wp-json\/wp\/v2\/product_tag?post=1559"}],"curies":[{"name":"wp","href":"https:\/\/api.w.org\/{rel}","templated":true}]}}