{"id":1600,"date":"2025-03-30T12:38:59","date_gmt":"2025-03-30T09:38:59","guid":{"rendered":"https:\/\/graffiti-shop.lt\/?post_type=product&#038;p=1600"},"modified":"2025-04-25T10:21:24","modified_gmt":"2025-04-25T07:21:24","slug":"place-n-spray-nicki-minaj-graffiti-paveikslas","status":"publish","type":"product","link":"https:\/\/graffiti-shop.lt\/sv\/produkt\/place-n-spray-nicki-minaj-graffiti-paveikslas\/","title":{"rendered":"Place n Spray \u2013 \u201eNicki Minaj\u201c Graffiti Paveikslas"},"content":{"rendered":"<p class=\"\" data-start=\"64\" data-end=\"479\">Ie\u0161kote i\u0161skirtinio gatv\u0117s meno akcento savo interjerui? \u0160is <strong data-start=\"136\" data-end=\"163\">Nicki Minaj Pink Friday<\/strong> grafiti paveikslas, sukurtas unikalia technika ir i\u0161ry\u0161kinantis ry\u0161kias ro\u017eines spalvas, taps tikra j\u016bs\u0173 nam\u0173 puo\u0161mena. Paveikslas, kurio dydis yra 65 cm x 65 cm, atspindi ne tik garsiosios reper\u0117s ikoni\u0161k\u0105 stili\u0173, bet ir tikr\u0105 gatv\u0117s meno dvasi\u0105, kuri\u0105 suk\u016br\u0117 <strong data-start=\"425\" data-end=\"442\">Place n Spray<\/strong> \u012fk\u016br\u0117jas.<\/p>\n<p class=\"\" data-start=\"481\" data-end=\"833\">\u0160is unikalus k\u016brinys, pagamintas su meile ir profesionalumu, puikiai dera tiek moderniuose, tiek industriniuose interjeruose. <strong data-start=\"607\" data-end=\"623\">Gatv\u0117s menas<\/strong> nebeapsiriboja tik miesto sienomis \u2013 dabar jis gali tapti neatsiejama j\u016bs\u0173 nam\u0173 dalimi. \u0160is paveikslas ne tik papuo\u0161 j\u016bs\u0173 gyvenam\u0105j\u012f kambar\u012f, bet ir prid\u0117s nepakartojamo stiliaus bei individualumo j\u016bs\u0173 erdvei.<\/p>\n<p data-start=\"481\" data-end=\"833\">Gaukite savo unikal\u0173 gatv\u0117s meno k\u016brin\u012f ir leiskite jam sukurti nepakartojam\u0105 atmosfer\u0105 j\u016bs\u0173 namuose!<\/p>","protected":false},"excerpt":{"rendered":"<p><em>Autenti\u0161kas Place n Spray paveikslas su autografu. Vienintelis \u0161i\u0173 spalv\u0173 kombinacijos meno k\u016brinys prekyboje.<\/em><\/p>\n<p><em>Dydis: 65 cm x 65 cm<\/em><\/p>","protected":false},"featured_media":1601,"comment_status":"open","ping_status":"closed","template":"","meta":[],"product_cat":[29],"product_tag":[],"yoast_head":"<!-- This site is optimized with the Yoast SEO plugin v21.9.1 - https:\/\/yoast.com\/wordpress\/plugins\/seo\/ -->\n<title>Place n Spray \u2013 \u201eNicki Minaj\u201c Graffiti Paveikslas - graffiti-shop.lt<\/title>\n<meta name=\"robots\" content=\"index, follow, max-snippet:-1, max-image-preview:large, max-video-preview:-1\" \/>\n<link rel=\"canonical\" href=\"https:\/\/graffiti-shop.lt\/sv\/produkt\/place-n-spray-nicki-minaj-graffiti-paveikslas\/\" \/>\n<meta property=\"og:locale\" content=\"sv_SE\" \/>\n<meta property=\"og:type\" content=\"article\" \/>\n<meta property=\"og:title\" content=\"Place n Spray \u2013 \u201eNicki Minaj\u201c Graffiti Paveikslas - graffiti-shop.lt\" \/>\n<meta property=\"og:description\" content=\"Autenti\u0161kas Place n Spray paveikslas su autografu. Vienintelis \u0161i\u0173 spalv\u0173 kombinacijos meno k\u016brinys prekyboje.  Dydis: 65 cm x 65 cm\" \/>\n<meta property=\"og:url\" content=\"https:\/\/graffiti-shop.lt\/sv\/produkt\/place-n-spray-nicki-minaj-graffiti-paveikslas\/\" \/>\n<meta property=\"og:site_name\" content=\"graffiti-shop.lt\" \/>\n<meta property=\"article:modified_time\" content=\"2025-04-25T07:21:24+00:00\" \/>\n<meta property=\"og:image\" content=\"https:\/\/graffiti-shop.lt\/wp-content\/uploads\/2025\/03\/6003406549801882056.jpg\" \/>\n\t<meta property=\"og:image:width\" content=\"1280\" \/>\n\t<meta property=\"og:image:height\" content=\"1280\" \/>\n\t<meta property=\"og:image:type\" content=\"image\/jpeg\" \/>\n<meta name=\"twitter:card\" content=\"summary_large_image\" \/>\n<meta name=\"twitter:label1\" content=\"Ber\u00e4knad l\u00e4stid\" \/>\n\t<meta name=\"twitter:data1\" content=\"1 minut\" \/>\n<script type=\"application\/ld+json\" class=\"yoast-schema-graph\">{\"@context\":\"https:\/\/schema.org\",\"@graph\":[{\"@type\":\"WebPage\",\"@id\":\"https:\/\/graffiti-shop.lt\/produktas\/place-n-spray-nicki-minaj-graffiti-paveikslas\/\",\"url\":\"https:\/\/graffiti-shop.lt\/produktas\/place-n-spray-nicki-minaj-graffiti-paveikslas\/\",\"name\":\"Place n Spray \u2013 \u201eNicki Minaj\u201c Graffiti Paveikslas - graffiti-shop.lt\",\"isPartOf\":{\"@id\":\"https:\/\/graffiti-shop.lt\/#website\"},\"datePublished\":\"2025-03-30T09:38:59+00:00\",\"dateModified\":\"2025-04-25T07:21:24+00:00\",\"breadcrumb\":{\"@id\":\"https:\/\/graffiti-shop.lt\/produktas\/place-n-spray-nicki-minaj-graffiti-paveikslas\/#breadcrumb\"},\"inLanguage\":\"sv-SE\",\"potentialAction\":[{\"@type\":\"ReadAction\",\"target\":[\"https:\/\/graffiti-shop.lt\/produktas\/place-n-spray-nicki-minaj-graffiti-paveikslas\/\"]}]},{\"@type\":\"BreadcrumbList\",\"@id\":\"https:\/\/graffiti-shop.lt\/produktas\/place-n-spray-nicki-minaj-graffiti-paveikslas\/#breadcrumb\",\"itemListElement\":[{\"@type\":\"ListItem\",\"position\":1,\"name\":\"Home\",\"item\":\"https:\/\/graffiti-shop.lt\/\"},{\"@type\":\"ListItem\",\"position\":2,\"name\":\"Parduotuv\u0117\",\"item\":\"https:\/\/graffiti-shop.lt\/parduotuve\/\"},{\"@type\":\"ListItem\",\"position\":3,\"name\":\"Place n Spray \u2013 \u201eNicki Minaj\u201c Graffiti Paveikslas\"}]},{\"@type\":\"WebSite\",\"@id\":\"https:\/\/graffiti-shop.lt\/#website\",\"url\":\"https:\/\/graffiti-shop.lt\/\",\"name\":\"graffiti-shop.lt\",\"description\":\"\",\"publisher\":{\"@id\":\"https:\/\/graffiti-shop.lt\/#organization\"},\"potentialAction\":[{\"@type\":\"SearchAction\",\"target\":{\"@type\":\"EntryPoint\",\"urlTemplate\":\"https:\/\/graffiti-shop.lt\/?s={search_term_string}\"},\"query-input\":\"required name=search_term_string\"}],\"inLanguage\":\"sv-SE\"},{\"@type\":\"Organization\",\"@id\":\"https:\/\/graffiti-shop.lt\/#organization\",\"name\":\"graffiti-shop.lt\",\"url\":\"https:\/\/graffiti-shop.lt\/\",\"logo\":{\"@type\":\"ImageObject\",\"inLanguage\":\"sv-SE\",\"@id\":\"https:\/\/graffiti-shop.lt\/#\/schema\/logo\/image\/\",\"url\":\"https:\/\/graffiti-shop.lt\/wp-content\/uploads\/2025\/03\/cropped-Logo-1.png\",\"contentUrl\":\"https:\/\/graffiti-shop.lt\/wp-content\/uploads\/2025\/03\/cropped-Logo-1.png\",\"width\":486,\"height\":386,\"caption\":\"graffiti-shop.lt\"},\"image\":{\"@id\":\"https:\/\/graffiti-shop.lt\/#\/schema\/logo\/image\/\"}}]}<\/script>\n<!-- \/ Yoast SEO plugin. -->","yoast_head_json":{"title":"Place n Spray \u2013 \u201eNicki Minaj\u201c Graffiti Paveikslas - graffiti-shop.lt","robots":{"index":"index","follow":"follow","max-snippet":"max-snippet:-1","max-image-preview":"max-image-preview:large","max-video-preview":"max-video-preview:-1"},"canonical":"https:\/\/graffiti-shop.lt\/sv\/produkt\/place-n-spray-nicki-minaj-graffiti-paveikslas\/","og_locale":"sv_SE","og_type":"article","og_title":"Place n Spray \u2013 \u201eNicki Minaj\u201c Graffiti Paveikslas - graffiti-shop.lt","og_description":"Autenti\u0161kas Place n Spray paveikslas su autografu. Vienintelis \u0161i\u0173 spalv\u0173 kombinacijos meno k\u016brinys prekyboje.  Dydis: 65 cm x 65 cm","og_url":"https:\/\/graffiti-shop.lt\/sv\/produkt\/place-n-spray-nicki-minaj-graffiti-paveikslas\/","og_site_name":"graffiti-shop.lt","article_modified_time":"2025-04-25T07:21:24+00:00","og_image":[{"width":1280,"height":1280,"url":"https:\/\/graffiti-shop.lt\/wp-content\/uploads\/2025\/03\/6003406549801882056.jpg","type":"image\/jpeg"}],"twitter_card":"summary_large_image","twitter_misc":{"Ber\u00e4knad l\u00e4stid":"1 minut"},"schema":{"@context":"https:\/\/schema.org","@graph":[{"@type":"WebPage","@id":"https:\/\/graffiti-shop.lt\/produktas\/place-n-spray-nicki-minaj-graffiti-paveikslas\/","url":"https:\/\/graffiti-shop.lt\/produktas\/place-n-spray-nicki-minaj-graffiti-paveikslas\/","name":"Place n Spray \u2013 \u201eNicki Minaj\u201c Graffiti Paveikslas - graffiti-shop.lt","isPartOf":{"@id":"https:\/\/graffiti-shop.lt\/#website"},"datePublished":"2025-03-30T09:38:59+00:00","dateModified":"2025-04-25T07:21:24+00:00","breadcrumb":{"@id":"https:\/\/graffiti-shop.lt\/produktas\/place-n-spray-nicki-minaj-graffiti-paveikslas\/#breadcrumb"},"inLanguage":"sv-SE","potentialAction":[{"@type":"ReadAction","target":["https:\/\/graffiti-shop.lt\/produktas\/place-n-spray-nicki-minaj-graffiti-paveikslas\/"]}]},{"@type":"BreadcrumbList","@id":"https:\/\/graffiti-shop.lt\/produktas\/place-n-spray-nicki-minaj-graffiti-paveikslas\/#breadcrumb","itemListElement":[{"@type":"ListItem","position":1,"name":"Home","item":"https:\/\/graffiti-shop.lt\/"},{"@type":"ListItem","position":2,"name":"Parduotuv\u0117","item":"https:\/\/graffiti-shop.lt\/parduotuve\/"},{"@type":"ListItem","position":3,"name":"Place n Spray \u2013 \u201eNicki Minaj\u201c Graffiti Paveikslas"}]},{"@type":"WebSite","@id":"https:\/\/graffiti-shop.lt\/#website","url":"https:\/\/graffiti-shop.lt\/","name":"graffiti-shop.lt","description":"","publisher":{"@id":"https:\/\/graffiti-shop.lt\/#organization"},"potentialAction":[{"@type":"SearchAction","target":{"@type":"EntryPoint","urlTemplate":"https:\/\/graffiti-shop.lt\/?s={search_term_string}"},"query-input":"required name=search_term_string"}],"inLanguage":"sv-SE"},{"@type":"Organization","@id":"https:\/\/graffiti-shop.lt\/#organization","name":"graffiti-shop.lt","url":"https:\/\/graffiti-shop.lt\/","logo":{"@type":"ImageObject","inLanguage":"sv-SE","@id":"https:\/\/graffiti-shop.lt\/#\/schema\/logo\/image\/","url":"https:\/\/graffiti-shop.lt\/wp-content\/uploads\/2025\/03\/cropped-Logo-1.png","contentUrl":"https:\/\/graffiti-shop.lt\/wp-content\/uploads\/2025\/03\/cropped-Logo-1.png","width":486,"height":386,"caption":"graffiti-shop.lt"},"image":{"@id":"https:\/\/graffiti-shop.lt\/#\/schema\/logo\/image\/"}}]}},"jetpack_sharing_enabled":true,"_links":{"self":[{"href":"https:\/\/graffiti-shop.lt\/sv\/wp-json\/wp\/v2\/product\/1600"}],"collection":[{"href":"https:\/\/graffiti-shop.lt\/sv\/wp-json\/wp\/v2\/product"}],"about":[{"href":"https:\/\/graffiti-shop.lt\/sv\/wp-json\/wp\/v2\/types\/product"}],"replies":[{"embeddable":true,"href":"https:\/\/graffiti-shop.lt\/sv\/wp-json\/wp\/v2\/comments?post=1600"}],"wp:featuredmedia":[{"embeddable":true,"href":"https:\/\/graffiti-shop.lt\/sv\/wp-json\/wp\/v2\/media\/1601"}],"wp:attachment":[{"href":"https:\/\/graffiti-shop.lt\/sv\/wp-json\/wp\/v2\/media?parent=1600"}],"wp:term":[{"taxonomy":"product_cat","embeddable":true,"href":"https:\/\/graffiti-shop.lt\/sv\/wp-json\/wp\/v2\/product_cat?post=1600"},{"taxonomy":"product_tag","embeddable":true,"href":"https:\/\/graffiti-shop.lt\/sv\/wp-json\/wp\/v2\/product_tag?post=1600"}],"curies":[{"name":"wp","href":"https:\/\/api.w.org\/{rel}","templated":true}]}}