{"id":919,"date":"2024-01-14T14:53:41","date_gmt":"2024-01-14T12:53:41","guid":{"rendered":"https:\/\/graffiti-shop.lt\/?post_type=product&#038;p=919"},"modified":"2025-04-13T22:11:39","modified_gmt":"2025-04-13T19:11:39","slug":"stencil-graffiti-trafaretas-rihanna","status":"publish","type":"product","link":"https:\/\/graffiti-shop.lt\/sv\/produkt\/stencil-graffiti-trafaretas-rihanna\/","title":{"rendered":"Stencil graffiti trafaretas &#8211; \u201eRihanna\u201d"},"content":{"rendered":"<p>Stencil graffiti trafaretas \u201cRihanna\u201d. Pasidarykite savo m\u0117giamomis spalvomis. Puiki laisvalaikio pramoga, leid\u017eianti kiekvienam atrasti savyje k\u016brybi\u0161kumo \u0161altin\u012f. Paveiksl\u0105 u\u017etrunka pasigaminti trumpiausiai 20 minu\u010di\u0173, o praleistas laikas pie\u0161iant veikia lyg spalv\u0173 terapija. \u0160is produktas leid\u017eia ne tik \u012fne\u0161ti nauj\u0173 spalv\u0173 i buitin\u012f gyvenim\u0105, bet tuo pa\u010diu patirti pakilias nuotaikas pie\u0161iant. Kiekvienas sukurtas paveikslas yra unikalus.<\/p>\n<p>Pasigaminto paveikslo matmenys: 65 cm x 65 cm.<\/p>","protected":false},"excerpt":{"rendered":"<p>Nepraleisk puikios galimyb\u0117s:<\/p>\n<ol>\n<li>Nusipie\u0161ti patinkan\u010dio atlik\u0117jo paveiksl\u0105.<\/li>\n<li>Pasirinkti savo m\u0117gstamas spalvas.<\/li>\n<li>U\u017etrukti vos 20 minu\u010di\u0173.<\/li>\n<li>Nud\u017eiuginti draug\u0105 puikia dovana.<\/li>\n<li>Pajusti graffiti menininko jausm\u0105.<\/li>\n<li>Atrasti atpalaiduojan\u010di\u0105 ir k\u016brybi\u0161kum\u0105 skatinan\u010di\u0105 veikl\u0105!<\/li>\n<\/ol>","protected":false},"featured_media":1225,"comment_status":"open","ping_status":"closed","template":"","meta":[],"product_cat":[15,22],"product_tag":[],"yoast_head":"<!-- This site is optimized with the Yoast SEO plugin v21.9.1 - https:\/\/yoast.com\/wordpress\/plugins\/seo\/ -->\n<title>Stencil graffiti trafaretas - \u201eRihanna\u201d - graffiti-shop.lt<\/title>\n<meta name=\"robots\" content=\"index, follow, max-snippet:-1, max-image-preview:large, max-video-preview:-1\" \/>\n<link rel=\"canonical\" href=\"https:\/\/graffiti-shop.lt\/sv\/produkt\/stencil-graffiti-trafaretas-rihanna\/\" \/>\n<meta property=\"og:locale\" content=\"sv_SE\" \/>\n<meta property=\"og:type\" content=\"article\" \/>\n<meta property=\"og:title\" content=\"Stencil graffiti trafaretas - \u201eRihanna\u201d - graffiti-shop.lt\" \/>\n<meta property=\"og:description\" content=\"Nepraleisk puikios galimyb\u0117s:   Nusipie\u0161ti patinkan\u010dio atlik\u0117jo paveiksl\u0105.  Pasirinkti savo m\u0117gstamas spalvas.  U\u017etrukti vos 20 minu\u010di\u0173.  Nud\u017eiuginti draug\u0105 puikia dovana.  Pajusti graffiti menininko jausm\u0105.  Atrasti atpalaiduojan\u010di\u0105 ir k\u016brybi\u0161kum\u0105 skatinan\u010di\u0105 veikl\u0105!\" \/>\n<meta property=\"og:url\" content=\"https:\/\/graffiti-shop.lt\/sv\/produkt\/stencil-graffiti-trafaretas-rihanna\/\" \/>\n<meta property=\"og:site_name\" content=\"graffiti-shop.lt\" \/>\n<meta property=\"article:modified_time\" content=\"2025-04-13T19:11:39+00:00\" \/>\n<meta property=\"og:image\" content=\"https:\/\/graffiti-shop.lt\/wp-content\/uploads\/2024\/01\/Untitled-19-1.png\" \/>\n\t<meta property=\"og:image:width\" content=\"1080\" \/>\n\t<meta property=\"og:image:height\" content=\"1080\" \/>\n\t<meta property=\"og:image:type\" content=\"image\/png\" \/>\n<meta name=\"twitter:card\" content=\"summary_large_image\" \/>\n<meta name=\"twitter:label1\" content=\"Ber\u00e4knad l\u00e4stid\" \/>\n\t<meta name=\"twitter:data1\" content=\"1 minut\" \/>\n<script type=\"application\/ld+json\" class=\"yoast-schema-graph\">{\"@context\":\"https:\/\/schema.org\",\"@graph\":[{\"@type\":\"WebPage\",\"@id\":\"https:\/\/graffiti-shop.lt\/produktas\/stencil-graffiti-trafaretas-rihanna\/\",\"url\":\"https:\/\/graffiti-shop.lt\/produktas\/stencil-graffiti-trafaretas-rihanna\/\",\"name\":\"Stencil graffiti trafaretas - \u201eRihanna\u201d - graffiti-shop.lt\",\"isPartOf\":{\"@id\":\"https:\/\/graffiti-shop.lt\/#website\"},\"datePublished\":\"2024-01-14T12:53:41+00:00\",\"dateModified\":\"2025-04-13T19:11:39+00:00\",\"breadcrumb\":{\"@id\":\"https:\/\/graffiti-shop.lt\/produktas\/stencil-graffiti-trafaretas-rihanna\/#breadcrumb\"},\"inLanguage\":\"sv-SE\",\"potentialAction\":[{\"@type\":\"ReadAction\",\"target\":[\"https:\/\/graffiti-shop.lt\/produktas\/stencil-graffiti-trafaretas-rihanna\/\"]}]},{\"@type\":\"BreadcrumbList\",\"@id\":\"https:\/\/graffiti-shop.lt\/produktas\/stencil-graffiti-trafaretas-rihanna\/#breadcrumb\",\"itemListElement\":[{\"@type\":\"ListItem\",\"position\":1,\"name\":\"Home\",\"item\":\"https:\/\/graffiti-shop.lt\/\"},{\"@type\":\"ListItem\",\"position\":2,\"name\":\"Parduotuv\u0117\",\"item\":\"https:\/\/graffiti-shop.lt\/parduotuve\/\"},{\"@type\":\"ListItem\",\"position\":3,\"name\":\"Stencil graffiti trafaretas &#8211; \u201eRihanna\u201d\"}]},{\"@type\":\"WebSite\",\"@id\":\"https:\/\/graffiti-shop.lt\/#website\",\"url\":\"https:\/\/graffiti-shop.lt\/\",\"name\":\"graffiti-shop.lt\",\"description\":\"\",\"publisher\":{\"@id\":\"https:\/\/graffiti-shop.lt\/#organization\"},\"potentialAction\":[{\"@type\":\"SearchAction\",\"target\":{\"@type\":\"EntryPoint\",\"urlTemplate\":\"https:\/\/graffiti-shop.lt\/?s={search_term_string}\"},\"query-input\":\"required name=search_term_string\"}],\"inLanguage\":\"sv-SE\"},{\"@type\":\"Organization\",\"@id\":\"https:\/\/graffiti-shop.lt\/#organization\",\"name\":\"graffiti-shop.lt\",\"url\":\"https:\/\/graffiti-shop.lt\/\",\"logo\":{\"@type\":\"ImageObject\",\"inLanguage\":\"sv-SE\",\"@id\":\"https:\/\/graffiti-shop.lt\/#\/schema\/logo\/image\/\",\"url\":\"https:\/\/graffiti-shop.lt\/wp-content\/uploads\/2025\/03\/cropped-Logo-1.png\",\"contentUrl\":\"https:\/\/graffiti-shop.lt\/wp-content\/uploads\/2025\/03\/cropped-Logo-1.png\",\"width\":486,\"height\":386,\"caption\":\"graffiti-shop.lt\"},\"image\":{\"@id\":\"https:\/\/graffiti-shop.lt\/#\/schema\/logo\/image\/\"}}]}<\/script>\n<!-- \/ Yoast SEO plugin. -->","yoast_head_json":{"title":"Stencil graffiti trafaretas - \u201eRihanna\u201d - graffiti-shop.lt","robots":{"index":"index","follow":"follow","max-snippet":"max-snippet:-1","max-image-preview":"max-image-preview:large","max-video-preview":"max-video-preview:-1"},"canonical":"https:\/\/graffiti-shop.lt\/sv\/produkt\/stencil-graffiti-trafaretas-rihanna\/","og_locale":"sv_SE","og_type":"article","og_title":"Stencil graffiti trafaretas - \u201eRihanna\u201d - graffiti-shop.lt","og_description":"Nepraleisk puikios galimyb\u0117s:   Nusipie\u0161ti patinkan\u010dio atlik\u0117jo paveiksl\u0105.  Pasirinkti savo m\u0117gstamas spalvas.  U\u017etrukti vos 20 minu\u010di\u0173.  Nud\u017eiuginti draug\u0105 puikia dovana.  Pajusti graffiti menininko jausm\u0105.  Atrasti atpalaiduojan\u010di\u0105 ir k\u016brybi\u0161kum\u0105 skatinan\u010di\u0105 veikl\u0105!","og_url":"https:\/\/graffiti-shop.lt\/sv\/produkt\/stencil-graffiti-trafaretas-rihanna\/","og_site_name":"graffiti-shop.lt","article_modified_time":"2025-04-13T19:11:39+00:00","og_image":[{"width":1080,"height":1080,"url":"https:\/\/graffiti-shop.lt\/wp-content\/uploads\/2024\/01\/Untitled-19-1.png","type":"image\/png"}],"twitter_card":"summary_large_image","twitter_misc":{"Ber\u00e4knad l\u00e4stid":"1 minut"},"schema":{"@context":"https:\/\/schema.org","@graph":[{"@type":"WebPage","@id":"https:\/\/graffiti-shop.lt\/produktas\/stencil-graffiti-trafaretas-rihanna\/","url":"https:\/\/graffiti-shop.lt\/produktas\/stencil-graffiti-trafaretas-rihanna\/","name":"Stencil graffiti trafaretas - \u201eRihanna\u201d - graffiti-shop.lt","isPartOf":{"@id":"https:\/\/graffiti-shop.lt\/#website"},"datePublished":"2024-01-14T12:53:41+00:00","dateModified":"2025-04-13T19:11:39+00:00","breadcrumb":{"@id":"https:\/\/graffiti-shop.lt\/produktas\/stencil-graffiti-trafaretas-rihanna\/#breadcrumb"},"inLanguage":"sv-SE","potentialAction":[{"@type":"ReadAction","target":["https:\/\/graffiti-shop.lt\/produktas\/stencil-graffiti-trafaretas-rihanna\/"]}]},{"@type":"BreadcrumbList","@id":"https:\/\/graffiti-shop.lt\/produktas\/stencil-graffiti-trafaretas-rihanna\/#breadcrumb","itemListElement":[{"@type":"ListItem","position":1,"name":"Home","item":"https:\/\/graffiti-shop.lt\/"},{"@type":"ListItem","position":2,"name":"Parduotuv\u0117","item":"https:\/\/graffiti-shop.lt\/parduotuve\/"},{"@type":"ListItem","position":3,"name":"Stencil graffiti trafaretas &#8211; \u201eRihanna\u201d"}]},{"@type":"WebSite","@id":"https:\/\/graffiti-shop.lt\/#website","url":"https:\/\/graffiti-shop.lt\/","name":"graffiti-shop.lt","description":"","publisher":{"@id":"https:\/\/graffiti-shop.lt\/#organization"},"potentialAction":[{"@type":"SearchAction","target":{"@type":"EntryPoint","urlTemplate":"https:\/\/graffiti-shop.lt\/?s={search_term_string}"},"query-input":"required name=search_term_string"}],"inLanguage":"sv-SE"},{"@type":"Organization","@id":"https:\/\/graffiti-shop.lt\/#organization","name":"graffiti-shop.lt","url":"https:\/\/graffiti-shop.lt\/","logo":{"@type":"ImageObject","inLanguage":"sv-SE","@id":"https:\/\/graffiti-shop.lt\/#\/schema\/logo\/image\/","url":"https:\/\/graffiti-shop.lt\/wp-content\/uploads\/2025\/03\/cropped-Logo-1.png","contentUrl":"https:\/\/graffiti-shop.lt\/wp-content\/uploads\/2025\/03\/cropped-Logo-1.png","width":486,"height":386,"caption":"graffiti-shop.lt"},"image":{"@id":"https:\/\/graffiti-shop.lt\/#\/schema\/logo\/image\/"}}]}},"jetpack_sharing_enabled":true,"_links":{"self":[{"href":"https:\/\/graffiti-shop.lt\/sv\/wp-json\/wp\/v2\/product\/919"}],"collection":[{"href":"https:\/\/graffiti-shop.lt\/sv\/wp-json\/wp\/v2\/product"}],"about":[{"href":"https:\/\/graffiti-shop.lt\/sv\/wp-json\/wp\/v2\/types\/product"}],"replies":[{"embeddable":true,"href":"https:\/\/graffiti-shop.lt\/sv\/wp-json\/wp\/v2\/comments?post=919"}],"wp:featuredmedia":[{"embeddable":true,"href":"https:\/\/graffiti-shop.lt\/sv\/wp-json\/wp\/v2\/media\/1225"}],"wp:attachment":[{"href":"https:\/\/graffiti-shop.lt\/sv\/wp-json\/wp\/v2\/media?parent=919"}],"wp:term":[{"taxonomy":"product_cat","embeddable":true,"href":"https:\/\/graffiti-shop.lt\/sv\/wp-json\/wp\/v2\/product_cat?post=919"},{"taxonomy":"product_tag","embeddable":true,"href":"https:\/\/graffiti-shop.lt\/sv\/wp-json\/wp\/v2\/product_tag?post=919"}],"curies":[{"name":"wp","href":"https:\/\/api.w.org\/{rel}","templated":true}]}}