{"id":935,"date":"2024-01-18T20:37:25","date_gmt":"2024-01-18T18:37:25","guid":{"rendered":"https:\/\/graffiti-shop.lt\/?post_type=product&#038;p=935"},"modified":"2025-04-13T22:11:37","modified_gmt":"2025-04-13T19:11:37","slug":"stencil-graffiti-trafaretas-pop-smoke","status":"publish","type":"product","link":"https:\/\/graffiti-shop.lt\/sv\/produkt\/stencil-graffiti-trafaretas-pop-smoke\/","title":{"rendered":"Stencil graffiti trafaretas &#8211; \u201ePop Smoke\u201d"},"content":{"rendered":"<p>Stencil graffiti trafaretas \u201ePop Smoke\u201d. Tai unikali galimyb\u0117 patirti graffiti meno teikiam\u0105 d\u017eiaugsm\u0105. M\u0117gstam\u0105 atlik\u0117j\u0105 gali nusipie\u0161ti vos per 20 minu\u010di\u0173! Puikus produktas nustebinti kitus savo meni\u0161kai \u012fg\u016bd\u017eiais, tuo pa\u010diu nuostabi dovana mylimam draugui. \u0160i k\u016brybin\u0117 veikla atpalaiduojan\u010diai ir atne\u0161a naujas spalvas \u012f kasdienin\u012f gyvenim\u0105. Pasigaminti 65 cm x 65 cm paveiksl\u0105 su m\u0117gstamu atlik\u0117ju dar niekados nebuvo taip paprasta.<\/p>","protected":false},"excerpt":{"rendered":"<p>Nepraleisk puikios galimyb\u0117s:<\/p>\n<ol>\n<li>Nusipie\u0161ti patinkan\u010dio atlik\u0117jo paveiksl\u0105.<\/li>\n<li>Pasirinkti savo m\u0117gstamas spalvas.<\/li>\n<li>U\u017etrukti vos 20 minu\u010di\u0173.<\/li>\n<li>Nud\u017eiuginti draug\u0105 puikia dovana.<\/li>\n<li>Pajusti graffiti menininko jausm\u0105.<\/li>\n<li>Atrasti atpalaiduojan\u010di\u0105 ir k\u016brybi\u0161kum\u0105 skatinan\u010di\u0105 veikl\u0105!<\/li>\n<\/ol>","protected":false},"featured_media":951,"comment_status":"open","ping_status":"closed","template":"","meta":[],"product_cat":[22],"product_tag":[],"yoast_head":"<!-- This site is optimized with the Yoast SEO plugin v21.9.1 - https:\/\/yoast.com\/wordpress\/plugins\/seo\/ -->\n<title>Stencil graffiti trafaretas - \u201ePop Smoke\u201d - graffiti-shop.lt<\/title>\n<meta name=\"robots\" content=\"index, follow, max-snippet:-1, max-image-preview:large, max-video-preview:-1\" \/>\n<link rel=\"canonical\" href=\"https:\/\/graffiti-shop.lt\/sv\/produkt\/stencil-graffiti-trafaretas-pop-smoke\/\" \/>\n<meta property=\"og:locale\" content=\"sv_SE\" \/>\n<meta property=\"og:type\" content=\"article\" \/>\n<meta property=\"og:title\" content=\"Stencil graffiti trafaretas - \u201ePop Smoke\u201d - graffiti-shop.lt\" \/>\n<meta property=\"og:description\" content=\"Nepraleisk puikios galimyb\u0117s:   Nusipie\u0161ti patinkan\u010dio atlik\u0117jo paveiksl\u0105.  Pasirinkti savo m\u0117gstamas spalvas.  U\u017etrukti vos 20 minu\u010di\u0173.  Nud\u017eiuginti draug\u0105 puikia dovana.  Pajusti graffiti menininko jausm\u0105.  Atrasti atpalaiduojan\u010di\u0105 ir k\u016brybi\u0161kum\u0105 skatinan\u010di\u0105 veikl\u0105!\" \/>\n<meta property=\"og:url\" content=\"https:\/\/graffiti-shop.lt\/sv\/produkt\/stencil-graffiti-trafaretas-pop-smoke\/\" \/>\n<meta property=\"og:site_name\" content=\"graffiti-shop.lt\" \/>\n<meta property=\"article:modified_time\" content=\"2025-04-13T19:11:37+00:00\" \/>\n<meta property=\"og:image\" content=\"https:\/\/graffiti-shop.lt\/wp-content\/uploads\/2024\/01\/Untitled-17.png\" \/>\n\t<meta property=\"og:image:width\" content=\"1181\" \/>\n\t<meta property=\"og:image:height\" content=\"1181\" \/>\n\t<meta property=\"og:image:type\" content=\"image\/png\" \/>\n<meta name=\"twitter:card\" content=\"summary_large_image\" \/>\n<meta name=\"twitter:label1\" content=\"Ber\u00e4knad l\u00e4stid\" \/>\n\t<meta name=\"twitter:data1\" content=\"1 minut\" \/>\n<script type=\"application\/ld+json\" class=\"yoast-schema-graph\">{\"@context\":\"https:\/\/schema.org\",\"@graph\":[{\"@type\":\"WebPage\",\"@id\":\"https:\/\/graffiti-shop.lt\/produktas\/stencil-graffiti-trafaretas-pop-smoke\/\",\"url\":\"https:\/\/graffiti-shop.lt\/produktas\/stencil-graffiti-trafaretas-pop-smoke\/\",\"name\":\"Stencil graffiti trafaretas - \u201ePop Smoke\u201d - graffiti-shop.lt\",\"isPartOf\":{\"@id\":\"https:\/\/graffiti-shop.lt\/#website\"},\"datePublished\":\"2024-01-18T18:37:25+00:00\",\"dateModified\":\"2025-04-13T19:11:37+00:00\",\"breadcrumb\":{\"@id\":\"https:\/\/graffiti-shop.lt\/produktas\/stencil-graffiti-trafaretas-pop-smoke\/#breadcrumb\"},\"inLanguage\":\"sv-SE\",\"potentialAction\":[{\"@type\":\"ReadAction\",\"target\":[\"https:\/\/graffiti-shop.lt\/produktas\/stencil-graffiti-trafaretas-pop-smoke\/\"]}]},{\"@type\":\"BreadcrumbList\",\"@id\":\"https:\/\/graffiti-shop.lt\/produktas\/stencil-graffiti-trafaretas-pop-smoke\/#breadcrumb\",\"itemListElement\":[{\"@type\":\"ListItem\",\"position\":1,\"name\":\"Home\",\"item\":\"https:\/\/graffiti-shop.lt\/\"},{\"@type\":\"ListItem\",\"position\":2,\"name\":\"Parduotuv\u0117\",\"item\":\"https:\/\/graffiti-shop.lt\/parduotuve\/\"},{\"@type\":\"ListItem\",\"position\":3,\"name\":\"Stencil graffiti trafaretas &#8211; \u201ePop Smoke\u201d\"}]},{\"@type\":\"WebSite\",\"@id\":\"https:\/\/graffiti-shop.lt\/#website\",\"url\":\"https:\/\/graffiti-shop.lt\/\",\"name\":\"graffiti-shop.lt\",\"description\":\"\",\"publisher\":{\"@id\":\"https:\/\/graffiti-shop.lt\/#organization\"},\"potentialAction\":[{\"@type\":\"SearchAction\",\"target\":{\"@type\":\"EntryPoint\",\"urlTemplate\":\"https:\/\/graffiti-shop.lt\/?s={search_term_string}\"},\"query-input\":\"required name=search_term_string\"}],\"inLanguage\":\"sv-SE\"},{\"@type\":\"Organization\",\"@id\":\"https:\/\/graffiti-shop.lt\/#organization\",\"name\":\"graffiti-shop.lt\",\"url\":\"https:\/\/graffiti-shop.lt\/\",\"logo\":{\"@type\":\"ImageObject\",\"inLanguage\":\"sv-SE\",\"@id\":\"https:\/\/graffiti-shop.lt\/#\/schema\/logo\/image\/\",\"url\":\"https:\/\/graffiti-shop.lt\/wp-content\/uploads\/2025\/03\/cropped-Logo-1.png\",\"contentUrl\":\"https:\/\/graffiti-shop.lt\/wp-content\/uploads\/2025\/03\/cropped-Logo-1.png\",\"width\":486,\"height\":386,\"caption\":\"graffiti-shop.lt\"},\"image\":{\"@id\":\"https:\/\/graffiti-shop.lt\/#\/schema\/logo\/image\/\"}}]}<\/script>\n<!-- \/ Yoast SEO plugin. -->","yoast_head_json":{"title":"Stencil graffiti trafaretas - \u201ePop Smoke\u201d - graffiti-shop.lt","robots":{"index":"index","follow":"follow","max-snippet":"max-snippet:-1","max-image-preview":"max-image-preview:large","max-video-preview":"max-video-preview:-1"},"canonical":"https:\/\/graffiti-shop.lt\/sv\/produkt\/stencil-graffiti-trafaretas-pop-smoke\/","og_locale":"sv_SE","og_type":"article","og_title":"Stencil graffiti trafaretas - \u201ePop Smoke\u201d - graffiti-shop.lt","og_description":"Nepraleisk puikios galimyb\u0117s:   Nusipie\u0161ti patinkan\u010dio atlik\u0117jo paveiksl\u0105.  Pasirinkti savo m\u0117gstamas spalvas.  U\u017etrukti vos 20 minu\u010di\u0173.  Nud\u017eiuginti draug\u0105 puikia dovana.  Pajusti graffiti menininko jausm\u0105.  Atrasti atpalaiduojan\u010di\u0105 ir k\u016brybi\u0161kum\u0105 skatinan\u010di\u0105 veikl\u0105!","og_url":"https:\/\/graffiti-shop.lt\/sv\/produkt\/stencil-graffiti-trafaretas-pop-smoke\/","og_site_name":"graffiti-shop.lt","article_modified_time":"2025-04-13T19:11:37+00:00","og_image":[{"width":1181,"height":1181,"url":"https:\/\/graffiti-shop.lt\/wp-content\/uploads\/2024\/01\/Untitled-17.png","type":"image\/png"}],"twitter_card":"summary_large_image","twitter_misc":{"Ber\u00e4knad l\u00e4stid":"1 minut"},"schema":{"@context":"https:\/\/schema.org","@graph":[{"@type":"WebPage","@id":"https:\/\/graffiti-shop.lt\/produktas\/stencil-graffiti-trafaretas-pop-smoke\/","url":"https:\/\/graffiti-shop.lt\/produktas\/stencil-graffiti-trafaretas-pop-smoke\/","name":"Stencil graffiti trafaretas - \u201ePop Smoke\u201d - graffiti-shop.lt","isPartOf":{"@id":"https:\/\/graffiti-shop.lt\/#website"},"datePublished":"2024-01-18T18:37:25+00:00","dateModified":"2025-04-13T19:11:37+00:00","breadcrumb":{"@id":"https:\/\/graffiti-shop.lt\/produktas\/stencil-graffiti-trafaretas-pop-smoke\/#breadcrumb"},"inLanguage":"sv-SE","potentialAction":[{"@type":"ReadAction","target":["https:\/\/graffiti-shop.lt\/produktas\/stencil-graffiti-trafaretas-pop-smoke\/"]}]},{"@type":"BreadcrumbList","@id":"https:\/\/graffiti-shop.lt\/produktas\/stencil-graffiti-trafaretas-pop-smoke\/#breadcrumb","itemListElement":[{"@type":"ListItem","position":1,"name":"Home","item":"https:\/\/graffiti-shop.lt\/"},{"@type":"ListItem","position":2,"name":"Parduotuv\u0117","item":"https:\/\/graffiti-shop.lt\/parduotuve\/"},{"@type":"ListItem","position":3,"name":"Stencil graffiti trafaretas &#8211; \u201ePop Smoke\u201d"}]},{"@type":"WebSite","@id":"https:\/\/graffiti-shop.lt\/#website","url":"https:\/\/graffiti-shop.lt\/","name":"graffiti-shop.lt","description":"","publisher":{"@id":"https:\/\/graffiti-shop.lt\/#organization"},"potentialAction":[{"@type":"SearchAction","target":{"@type":"EntryPoint","urlTemplate":"https:\/\/graffiti-shop.lt\/?s={search_term_string}"},"query-input":"required name=search_term_string"}],"inLanguage":"sv-SE"},{"@type":"Organization","@id":"https:\/\/graffiti-shop.lt\/#organization","name":"graffiti-shop.lt","url":"https:\/\/graffiti-shop.lt\/","logo":{"@type":"ImageObject","inLanguage":"sv-SE","@id":"https:\/\/graffiti-shop.lt\/#\/schema\/logo\/image\/","url":"https:\/\/graffiti-shop.lt\/wp-content\/uploads\/2025\/03\/cropped-Logo-1.png","contentUrl":"https:\/\/graffiti-shop.lt\/wp-content\/uploads\/2025\/03\/cropped-Logo-1.png","width":486,"height":386,"caption":"graffiti-shop.lt"},"image":{"@id":"https:\/\/graffiti-shop.lt\/#\/schema\/logo\/image\/"}}]}},"jetpack_sharing_enabled":true,"_links":{"self":[{"href":"https:\/\/graffiti-shop.lt\/sv\/wp-json\/wp\/v2\/product\/935"}],"collection":[{"href":"https:\/\/graffiti-shop.lt\/sv\/wp-json\/wp\/v2\/product"}],"about":[{"href":"https:\/\/graffiti-shop.lt\/sv\/wp-json\/wp\/v2\/types\/product"}],"replies":[{"embeddable":true,"href":"https:\/\/graffiti-shop.lt\/sv\/wp-json\/wp\/v2\/comments?post=935"}],"wp:featuredmedia":[{"embeddable":true,"href":"https:\/\/graffiti-shop.lt\/sv\/wp-json\/wp\/v2\/media\/951"}],"wp:attachment":[{"href":"https:\/\/graffiti-shop.lt\/sv\/wp-json\/wp\/v2\/media?parent=935"}],"wp:term":[{"taxonomy":"product_cat","embeddable":true,"href":"https:\/\/graffiti-shop.lt\/sv\/wp-json\/wp\/v2\/product_cat?post=935"},{"taxonomy":"product_tag","embeddable":true,"href":"https:\/\/graffiti-shop.lt\/sv\/wp-json\/wp\/v2\/product_tag?post=935"}],"curies":[{"name":"wp","href":"https:\/\/api.w.org\/{rel}","templated":true}]}}