{"id":937,"date":"2024-01-18T20:38:29","date_gmt":"2024-01-18T18:38:29","guid":{"rendered":"https:\/\/graffiti-shop.lt\/?post_type=product&#038;p=937"},"modified":"2025-04-25T10:26:45","modified_gmt":"2025-04-25T07:26:45","slug":"stencil-graffiti-trafaretas-future","status":"publish","type":"product","link":"https:\/\/graffiti-shop.lt\/sv\/produkt\/stencil-graffiti-trafaretas-future\/","title":{"rendered":"Stencil graffiti trafaretas &#8211; \u201eFuture\u201d"},"content":{"rendered":"<p>Stencil graffiti trafaretas \u201eFuture\u201d. Labiausiai populiar\u0117janti prek\u0117 nam\u0173 interjerui. \u0160\u012f meno k\u016brin\u012f pasigamink i\u0161sirinktomis spalvomis vos per 20 minu\u010di\u0173. Paveikslo pie\u0161imas \u012ftrauki\u0105 \u012f k\u016brybin\u012f proces\u0105, kuris atpalaiduoja mintis ir suteikia spalv\u0173 terapijos teikiam\u0105 naud\u0105. 65 cm x 65 cm dyd\u017eio paveikslas suteikia stiling\u0105 poj\u016bt\u012f kiekvieno muzikos myl\u0117tojo namams.\u00a0 Tapk graffiti menininku jau dabar!<\/p>","protected":false},"excerpt":{"rendered":"<p>Nepraleisk puikios galimyb\u0117s:<\/p>\n<ol>\n<li>Nusipie\u0161ti patinkan\u010dio atlik\u0117jo paveiksl\u0105.<\/li>\n<li>Pasirinkti savo m\u0117gstamas spalvas.<\/li>\n<li>U\u017etrukti vos 20 minu\u010di\u0173.<\/li>\n<li>Nud\u017eiuginti draug\u0105 puikia dovana.<\/li>\n<li>Pajusti graffiti menininko jausm\u0105.<\/li>\n<li>Atrasti atpalaiduojan\u010di\u0105 ir k\u016brybi\u0161kum\u0105 skatinan\u010di\u0105 veikl\u0105!<\/li>\n<\/ol>","protected":false},"featured_media":946,"comment_status":"open","ping_status":"closed","template":"","meta":[],"product_cat":[22],"product_tag":[],"yoast_head":"<!-- This site is optimized with the Yoast SEO plugin v21.9.1 - https:\/\/yoast.com\/wordpress\/plugins\/seo\/ -->\n<title>Stencil graffiti trafaretas - \u201eFuture\u201d - graffiti-shop.lt<\/title>\n<meta name=\"robots\" content=\"index, follow, max-snippet:-1, max-image-preview:large, max-video-preview:-1\" \/>\n<link rel=\"canonical\" href=\"https:\/\/graffiti-shop.lt\/sv\/produkt\/stencil-graffiti-trafaretas-future\/\" \/>\n<meta property=\"og:locale\" content=\"sv_SE\" \/>\n<meta property=\"og:type\" content=\"article\" \/>\n<meta property=\"og:title\" content=\"Stencil graffiti trafaretas - \u201eFuture\u201d - graffiti-shop.lt\" \/>\n<meta property=\"og:description\" content=\"Nepraleisk puikios galimyb\u0117s:   Nusipie\u0161ti patinkan\u010dio atlik\u0117jo paveiksl\u0105.  Pasirinkti savo m\u0117gstamas spalvas.  U\u017etrukti vos 20 minu\u010di\u0173.  Nud\u017eiuginti draug\u0105 puikia dovana.  Pajusti graffiti menininko jausm\u0105.  Atrasti atpalaiduojan\u010di\u0105 ir k\u016brybi\u0161kum\u0105 skatinan\u010di\u0105 veikl\u0105!\" \/>\n<meta property=\"og:url\" content=\"https:\/\/graffiti-shop.lt\/sv\/produkt\/stencil-graffiti-trafaretas-future\/\" \/>\n<meta property=\"og:site_name\" content=\"graffiti-shop.lt\" \/>\n<meta property=\"article:modified_time\" content=\"2025-04-25T07:26:45+00:00\" \/>\n<meta property=\"og:image\" content=\"https:\/\/graffiti-shop.lt\/wp-content\/uploads\/2024\/01\/Untitled-36.png\" \/>\n\t<meta property=\"og:image:width\" content=\"864\" \/>\n\t<meta property=\"og:image:height\" content=\"864\" \/>\n\t<meta property=\"og:image:type\" content=\"image\/png\" \/>\n<meta name=\"twitter:card\" content=\"summary_large_image\" \/>\n<meta name=\"twitter:label1\" content=\"Ber\u00e4knad l\u00e4stid\" \/>\n\t<meta name=\"twitter:data1\" content=\"1 minut\" \/>\n<script type=\"application\/ld+json\" class=\"yoast-schema-graph\">{\"@context\":\"https:\/\/schema.org\",\"@graph\":[{\"@type\":\"WebPage\",\"@id\":\"https:\/\/graffiti-shop.lt\/produktas\/stencil-graffiti-trafaretas-future\/\",\"url\":\"https:\/\/graffiti-shop.lt\/produktas\/stencil-graffiti-trafaretas-future\/\",\"name\":\"Stencil graffiti trafaretas - \u201eFuture\u201d - graffiti-shop.lt\",\"isPartOf\":{\"@id\":\"https:\/\/graffiti-shop.lt\/#website\"},\"datePublished\":\"2024-01-18T18:38:29+00:00\",\"dateModified\":\"2025-04-25T07:26:45+00:00\",\"breadcrumb\":{\"@id\":\"https:\/\/graffiti-shop.lt\/produktas\/stencil-graffiti-trafaretas-future\/#breadcrumb\"},\"inLanguage\":\"sv-SE\",\"potentialAction\":[{\"@type\":\"ReadAction\",\"target\":[\"https:\/\/graffiti-shop.lt\/produktas\/stencil-graffiti-trafaretas-future\/\"]}]},{\"@type\":\"BreadcrumbList\",\"@id\":\"https:\/\/graffiti-shop.lt\/produktas\/stencil-graffiti-trafaretas-future\/#breadcrumb\",\"itemListElement\":[{\"@type\":\"ListItem\",\"position\":1,\"name\":\"Home\",\"item\":\"https:\/\/graffiti-shop.lt\/\"},{\"@type\":\"ListItem\",\"position\":2,\"name\":\"Parduotuv\u0117\",\"item\":\"https:\/\/graffiti-shop.lt\/parduotuve\/\"},{\"@type\":\"ListItem\",\"position\":3,\"name\":\"Stencil graffiti trafaretas &#8211; \u201eFuture\u201d\"}]},{\"@type\":\"WebSite\",\"@id\":\"https:\/\/graffiti-shop.lt\/#website\",\"url\":\"https:\/\/graffiti-shop.lt\/\",\"name\":\"graffiti-shop.lt\",\"description\":\"\",\"publisher\":{\"@id\":\"https:\/\/graffiti-shop.lt\/#organization\"},\"potentialAction\":[{\"@type\":\"SearchAction\",\"target\":{\"@type\":\"EntryPoint\",\"urlTemplate\":\"https:\/\/graffiti-shop.lt\/?s={search_term_string}\"},\"query-input\":\"required name=search_term_string\"}],\"inLanguage\":\"sv-SE\"},{\"@type\":\"Organization\",\"@id\":\"https:\/\/graffiti-shop.lt\/#organization\",\"name\":\"graffiti-shop.lt\",\"url\":\"https:\/\/graffiti-shop.lt\/\",\"logo\":{\"@type\":\"ImageObject\",\"inLanguage\":\"sv-SE\",\"@id\":\"https:\/\/graffiti-shop.lt\/#\/schema\/logo\/image\/\",\"url\":\"https:\/\/graffiti-shop.lt\/wp-content\/uploads\/2025\/03\/cropped-Logo-1.png\",\"contentUrl\":\"https:\/\/graffiti-shop.lt\/wp-content\/uploads\/2025\/03\/cropped-Logo-1.png\",\"width\":486,\"height\":386,\"caption\":\"graffiti-shop.lt\"},\"image\":{\"@id\":\"https:\/\/graffiti-shop.lt\/#\/schema\/logo\/image\/\"}}]}<\/script>\n<!-- \/ Yoast SEO plugin. -->","yoast_head_json":{"title":"Stencil graffiti trafaretas - \u201eFuture\u201d - graffiti-shop.lt","robots":{"index":"index","follow":"follow","max-snippet":"max-snippet:-1","max-image-preview":"max-image-preview:large","max-video-preview":"max-video-preview:-1"},"canonical":"https:\/\/graffiti-shop.lt\/sv\/produkt\/stencil-graffiti-trafaretas-future\/","og_locale":"sv_SE","og_type":"article","og_title":"Stencil graffiti trafaretas - \u201eFuture\u201d - graffiti-shop.lt","og_description":"Nepraleisk puikios galimyb\u0117s:   Nusipie\u0161ti patinkan\u010dio atlik\u0117jo paveiksl\u0105.  Pasirinkti savo m\u0117gstamas spalvas.  U\u017etrukti vos 20 minu\u010di\u0173.  Nud\u017eiuginti draug\u0105 puikia dovana.  Pajusti graffiti menininko jausm\u0105.  Atrasti atpalaiduojan\u010di\u0105 ir k\u016brybi\u0161kum\u0105 skatinan\u010di\u0105 veikl\u0105!","og_url":"https:\/\/graffiti-shop.lt\/sv\/produkt\/stencil-graffiti-trafaretas-future\/","og_site_name":"graffiti-shop.lt","article_modified_time":"2025-04-25T07:26:45+00:00","og_image":[{"width":864,"height":864,"url":"https:\/\/graffiti-shop.lt\/wp-content\/uploads\/2024\/01\/Untitled-36.png","type":"image\/png"}],"twitter_card":"summary_large_image","twitter_misc":{"Ber\u00e4knad l\u00e4stid":"1 minut"},"schema":{"@context":"https:\/\/schema.org","@graph":[{"@type":"WebPage","@id":"https:\/\/graffiti-shop.lt\/produktas\/stencil-graffiti-trafaretas-future\/","url":"https:\/\/graffiti-shop.lt\/produktas\/stencil-graffiti-trafaretas-future\/","name":"Stencil graffiti trafaretas - \u201eFuture\u201d - graffiti-shop.lt","isPartOf":{"@id":"https:\/\/graffiti-shop.lt\/#website"},"datePublished":"2024-01-18T18:38:29+00:00","dateModified":"2025-04-25T07:26:45+00:00","breadcrumb":{"@id":"https:\/\/graffiti-shop.lt\/produktas\/stencil-graffiti-trafaretas-future\/#breadcrumb"},"inLanguage":"sv-SE","potentialAction":[{"@type":"ReadAction","target":["https:\/\/graffiti-shop.lt\/produktas\/stencil-graffiti-trafaretas-future\/"]}]},{"@type":"BreadcrumbList","@id":"https:\/\/graffiti-shop.lt\/produktas\/stencil-graffiti-trafaretas-future\/#breadcrumb","itemListElement":[{"@type":"ListItem","position":1,"name":"Home","item":"https:\/\/graffiti-shop.lt\/"},{"@type":"ListItem","position":2,"name":"Parduotuv\u0117","item":"https:\/\/graffiti-shop.lt\/parduotuve\/"},{"@type":"ListItem","position":3,"name":"Stencil graffiti trafaretas &#8211; \u201eFuture\u201d"}]},{"@type":"WebSite","@id":"https:\/\/graffiti-shop.lt\/#website","url":"https:\/\/graffiti-shop.lt\/","name":"graffiti-shop.lt","description":"","publisher":{"@id":"https:\/\/graffiti-shop.lt\/#organization"},"potentialAction":[{"@type":"SearchAction","target":{"@type":"EntryPoint","urlTemplate":"https:\/\/graffiti-shop.lt\/?s={search_term_string}"},"query-input":"required name=search_term_string"}],"inLanguage":"sv-SE"},{"@type":"Organization","@id":"https:\/\/graffiti-shop.lt\/#organization","name":"graffiti-shop.lt","url":"https:\/\/graffiti-shop.lt\/","logo":{"@type":"ImageObject","inLanguage":"sv-SE","@id":"https:\/\/graffiti-shop.lt\/#\/schema\/logo\/image\/","url":"https:\/\/graffiti-shop.lt\/wp-content\/uploads\/2025\/03\/cropped-Logo-1.png","contentUrl":"https:\/\/graffiti-shop.lt\/wp-content\/uploads\/2025\/03\/cropped-Logo-1.png","width":486,"height":386,"caption":"graffiti-shop.lt"},"image":{"@id":"https:\/\/graffiti-shop.lt\/#\/schema\/logo\/image\/"}}]}},"jetpack_sharing_enabled":true,"_links":{"self":[{"href":"https:\/\/graffiti-shop.lt\/sv\/wp-json\/wp\/v2\/product\/937"}],"collection":[{"href":"https:\/\/graffiti-shop.lt\/sv\/wp-json\/wp\/v2\/product"}],"about":[{"href":"https:\/\/graffiti-shop.lt\/sv\/wp-json\/wp\/v2\/types\/product"}],"replies":[{"embeddable":true,"href":"https:\/\/graffiti-shop.lt\/sv\/wp-json\/wp\/v2\/comments?post=937"}],"wp:featuredmedia":[{"embeddable":true,"href":"https:\/\/graffiti-shop.lt\/sv\/wp-json\/wp\/v2\/media\/946"}],"wp:attachment":[{"href":"https:\/\/graffiti-shop.lt\/sv\/wp-json\/wp\/v2\/media?parent=937"}],"wp:term":[{"taxonomy":"product_cat","embeddable":true,"href":"https:\/\/graffiti-shop.lt\/sv\/wp-json\/wp\/v2\/product_cat?post=937"},{"taxonomy":"product_tag","embeddable":true,"href":"https:\/\/graffiti-shop.lt\/sv\/wp-json\/wp\/v2\/product_tag?post=937"}],"curies":[{"name":"wp","href":"https:\/\/api.w.org\/{rel}","templated":true}]}}