{"id":941,"date":"2024-01-18T20:40:46","date_gmt":"2024-01-18T18:40:46","guid":{"rendered":"https:\/\/graffiti-shop.lt\/?post_type=product&#038;p=941"},"modified":"2025-04-25T10:27:01","modified_gmt":"2025-04-25T07:27:01","slug":"stencil-graffiti-trafaretas-playboi-carti","status":"publish","type":"product","link":"https:\/\/graffiti-shop.lt\/sv\/produkt\/stencil-graffiti-trafaretas-playboi-carti\/","title":{"rendered":"Stencil graffiti trafaretas &#8211; \u201ePlayboi Carti\u201d"},"content":{"rendered":"<p>Stencil graffiti trafaretas \u201ePlayboi Carti\u201d. Populiariausia nam\u0173 interjero prek\u0117, kuri\u0105 gali pasigaminti pats. Vieni teigia, jog \u0161i\u0173 trafaret\u0173 pie\u0161imas veikia lyg meditacija, o kiti atranda pana\u0161umu su spalv\u0173 terapijos teikiamais poj\u016b\u010diais. Tai greitas b\u016bdas sukurti meno k\u016brin\u012f pa\u010diam vos per 20 minu\u010di\u0173. \u0160is produktas skatina k\u016brybi\u0161kum\u0105 ir d\u017eiugina gra\u017eiu dizainu. 65 cm x 65 cm paveikslas yra unikali dekoracija, kuri tobulai tiks \u012f kiekvienus namus.<\/p>","protected":false},"excerpt":{"rendered":"<p>Nepraleisk puikios galimyb\u0117s:<\/p>\n<ol>\n<li>Nusipie\u0161ti patinkan\u010dio atlik\u0117jo paveiksl\u0105.<\/li>\n<li>Pasirinkti savo m\u0117gstamas spalvas.<\/li>\n<li>U\u017etrukti vos 20 minu\u010di\u0173.<\/li>\n<li>Nud\u017eiuginti draug\u0105 puikia dovana.<\/li>\n<li>Pajusti graffiti menininko jausm\u0105.<\/li>\n<li>Atrasti atpalaiduojan\u010di\u0105 ir k\u016brybi\u0161kum\u0105 skatinan\u010di\u0105 veikl\u0105!<\/li>\n<\/ol>","protected":false},"featured_media":1183,"comment_status":"open","ping_status":"closed","template":"","meta":[],"product_cat":[22],"product_tag":[],"yoast_head":"<!-- This site is optimized with the Yoast SEO plugin v21.9.1 - https:\/\/yoast.com\/wordpress\/plugins\/seo\/ -->\n<title>Stencil graffiti trafaretas - \u201ePlayboi Carti\u201d - graffiti-shop.lt<\/title>\n<meta name=\"robots\" content=\"index, follow, max-snippet:-1, max-image-preview:large, max-video-preview:-1\" \/>\n<link rel=\"canonical\" href=\"https:\/\/graffiti-shop.lt\/sv\/produkt\/stencil-graffiti-trafaretas-playboi-carti\/\" \/>\n<meta property=\"og:locale\" content=\"sv_SE\" \/>\n<meta property=\"og:type\" content=\"article\" \/>\n<meta property=\"og:title\" content=\"Stencil graffiti trafaretas - \u201ePlayboi Carti\u201d - graffiti-shop.lt\" \/>\n<meta property=\"og:description\" content=\"Nepraleisk puikios galimyb\u0117s:   Nusipie\u0161ti patinkan\u010dio atlik\u0117jo paveiksl\u0105.  Pasirinkti savo m\u0117gstamas spalvas.  U\u017etrukti vos 20 minu\u010di\u0173.  Nud\u017eiuginti draug\u0105 puikia dovana.  Pajusti graffiti menininko jausm\u0105.  Atrasti atpalaiduojan\u010di\u0105 ir k\u016brybi\u0161kum\u0105 skatinan\u010di\u0105 veikl\u0105!\" \/>\n<meta property=\"og:url\" content=\"https:\/\/graffiti-shop.lt\/sv\/produkt\/stencil-graffiti-trafaretas-playboi-carti\/\" \/>\n<meta property=\"og:site_name\" content=\"graffiti-shop.lt\" \/>\n<meta property=\"article:modified_time\" content=\"2025-04-25T07:27:01+00:00\" \/>\n<meta property=\"og:image\" content=\"https:\/\/graffiti-shop.lt\/wp-content\/uploads\/2024\/01\/Untitled-8.png\" \/>\n\t<meta property=\"og:image:width\" content=\"1181\" \/>\n\t<meta property=\"og:image:height\" content=\"1181\" \/>\n\t<meta property=\"og:image:type\" content=\"image\/png\" \/>\n<meta name=\"twitter:card\" content=\"summary_large_image\" \/>\n<meta name=\"twitter:label1\" content=\"Ber\u00e4knad l\u00e4stid\" \/>\n\t<meta name=\"twitter:data1\" content=\"1 minut\" \/>\n<script type=\"application\/ld+json\" class=\"yoast-schema-graph\">{\"@context\":\"https:\/\/schema.org\",\"@graph\":[{\"@type\":\"WebPage\",\"@id\":\"https:\/\/graffiti-shop.lt\/produktas\/stencil-graffiti-trafaretas-playboi-carti\/\",\"url\":\"https:\/\/graffiti-shop.lt\/produktas\/stencil-graffiti-trafaretas-playboi-carti\/\",\"name\":\"Stencil graffiti trafaretas - \u201ePlayboi Carti\u201d - graffiti-shop.lt\",\"isPartOf\":{\"@id\":\"https:\/\/graffiti-shop.lt\/#website\"},\"datePublished\":\"2024-01-18T18:40:46+00:00\",\"dateModified\":\"2025-04-25T07:27:01+00:00\",\"breadcrumb\":{\"@id\":\"https:\/\/graffiti-shop.lt\/produktas\/stencil-graffiti-trafaretas-playboi-carti\/#breadcrumb\"},\"inLanguage\":\"sv-SE\",\"potentialAction\":[{\"@type\":\"ReadAction\",\"target\":[\"https:\/\/graffiti-shop.lt\/produktas\/stencil-graffiti-trafaretas-playboi-carti\/\"]}]},{\"@type\":\"BreadcrumbList\",\"@id\":\"https:\/\/graffiti-shop.lt\/produktas\/stencil-graffiti-trafaretas-playboi-carti\/#breadcrumb\",\"itemListElement\":[{\"@type\":\"ListItem\",\"position\":1,\"name\":\"Home\",\"item\":\"https:\/\/graffiti-shop.lt\/\"},{\"@type\":\"ListItem\",\"position\":2,\"name\":\"Parduotuv\u0117\",\"item\":\"https:\/\/graffiti-shop.lt\/parduotuve\/\"},{\"@type\":\"ListItem\",\"position\":3,\"name\":\"Stencil graffiti trafaretas &#8211; \u201ePlayboi Carti\u201d\"}]},{\"@type\":\"WebSite\",\"@id\":\"https:\/\/graffiti-shop.lt\/#website\",\"url\":\"https:\/\/graffiti-shop.lt\/\",\"name\":\"graffiti-shop.lt\",\"description\":\"\",\"publisher\":{\"@id\":\"https:\/\/graffiti-shop.lt\/#organization\"},\"potentialAction\":[{\"@type\":\"SearchAction\",\"target\":{\"@type\":\"EntryPoint\",\"urlTemplate\":\"https:\/\/graffiti-shop.lt\/?s={search_term_string}\"},\"query-input\":\"required name=search_term_string\"}],\"inLanguage\":\"sv-SE\"},{\"@type\":\"Organization\",\"@id\":\"https:\/\/graffiti-shop.lt\/#organization\",\"name\":\"graffiti-shop.lt\",\"url\":\"https:\/\/graffiti-shop.lt\/\",\"logo\":{\"@type\":\"ImageObject\",\"inLanguage\":\"sv-SE\",\"@id\":\"https:\/\/graffiti-shop.lt\/#\/schema\/logo\/image\/\",\"url\":\"https:\/\/graffiti-shop.lt\/wp-content\/uploads\/2025\/03\/cropped-Logo-1.png\",\"contentUrl\":\"https:\/\/graffiti-shop.lt\/wp-content\/uploads\/2025\/03\/cropped-Logo-1.png\",\"width\":486,\"height\":386,\"caption\":\"graffiti-shop.lt\"},\"image\":{\"@id\":\"https:\/\/graffiti-shop.lt\/#\/schema\/logo\/image\/\"}}]}<\/script>\n<!-- \/ Yoast SEO plugin. -->","yoast_head_json":{"title":"Stencil graffiti trafaretas - \u201ePlayboi Carti\u201d - graffiti-shop.lt","robots":{"index":"index","follow":"follow","max-snippet":"max-snippet:-1","max-image-preview":"max-image-preview:large","max-video-preview":"max-video-preview:-1"},"canonical":"https:\/\/graffiti-shop.lt\/sv\/produkt\/stencil-graffiti-trafaretas-playboi-carti\/","og_locale":"sv_SE","og_type":"article","og_title":"Stencil graffiti trafaretas - \u201ePlayboi Carti\u201d - graffiti-shop.lt","og_description":"Nepraleisk puikios galimyb\u0117s:   Nusipie\u0161ti patinkan\u010dio atlik\u0117jo paveiksl\u0105.  Pasirinkti savo m\u0117gstamas spalvas.  U\u017etrukti vos 20 minu\u010di\u0173.  Nud\u017eiuginti draug\u0105 puikia dovana.  Pajusti graffiti menininko jausm\u0105.  Atrasti atpalaiduojan\u010di\u0105 ir k\u016brybi\u0161kum\u0105 skatinan\u010di\u0105 veikl\u0105!","og_url":"https:\/\/graffiti-shop.lt\/sv\/produkt\/stencil-graffiti-trafaretas-playboi-carti\/","og_site_name":"graffiti-shop.lt","article_modified_time":"2025-04-25T07:27:01+00:00","og_image":[{"width":1181,"height":1181,"url":"https:\/\/graffiti-shop.lt\/wp-content\/uploads\/2024\/01\/Untitled-8.png","type":"image\/png"}],"twitter_card":"summary_large_image","twitter_misc":{"Ber\u00e4knad l\u00e4stid":"1 minut"},"schema":{"@context":"https:\/\/schema.org","@graph":[{"@type":"WebPage","@id":"https:\/\/graffiti-shop.lt\/produktas\/stencil-graffiti-trafaretas-playboi-carti\/","url":"https:\/\/graffiti-shop.lt\/produktas\/stencil-graffiti-trafaretas-playboi-carti\/","name":"Stencil graffiti trafaretas - \u201ePlayboi Carti\u201d - graffiti-shop.lt","isPartOf":{"@id":"https:\/\/graffiti-shop.lt\/#website"},"datePublished":"2024-01-18T18:40:46+00:00","dateModified":"2025-04-25T07:27:01+00:00","breadcrumb":{"@id":"https:\/\/graffiti-shop.lt\/produktas\/stencil-graffiti-trafaretas-playboi-carti\/#breadcrumb"},"inLanguage":"sv-SE","potentialAction":[{"@type":"ReadAction","target":["https:\/\/graffiti-shop.lt\/produktas\/stencil-graffiti-trafaretas-playboi-carti\/"]}]},{"@type":"BreadcrumbList","@id":"https:\/\/graffiti-shop.lt\/produktas\/stencil-graffiti-trafaretas-playboi-carti\/#breadcrumb","itemListElement":[{"@type":"ListItem","position":1,"name":"Home","item":"https:\/\/graffiti-shop.lt\/"},{"@type":"ListItem","position":2,"name":"Parduotuv\u0117","item":"https:\/\/graffiti-shop.lt\/parduotuve\/"},{"@type":"ListItem","position":3,"name":"Stencil graffiti trafaretas &#8211; \u201ePlayboi Carti\u201d"}]},{"@type":"WebSite","@id":"https:\/\/graffiti-shop.lt\/#website","url":"https:\/\/graffiti-shop.lt\/","name":"graffiti-shop.lt","description":"","publisher":{"@id":"https:\/\/graffiti-shop.lt\/#organization"},"potentialAction":[{"@type":"SearchAction","target":{"@type":"EntryPoint","urlTemplate":"https:\/\/graffiti-shop.lt\/?s={search_term_string}"},"query-input":"required name=search_term_string"}],"inLanguage":"sv-SE"},{"@type":"Organization","@id":"https:\/\/graffiti-shop.lt\/#organization","name":"graffiti-shop.lt","url":"https:\/\/graffiti-shop.lt\/","logo":{"@type":"ImageObject","inLanguage":"sv-SE","@id":"https:\/\/graffiti-shop.lt\/#\/schema\/logo\/image\/","url":"https:\/\/graffiti-shop.lt\/wp-content\/uploads\/2025\/03\/cropped-Logo-1.png","contentUrl":"https:\/\/graffiti-shop.lt\/wp-content\/uploads\/2025\/03\/cropped-Logo-1.png","width":486,"height":386,"caption":"graffiti-shop.lt"},"image":{"@id":"https:\/\/graffiti-shop.lt\/#\/schema\/logo\/image\/"}}]}},"jetpack_sharing_enabled":true,"_links":{"self":[{"href":"https:\/\/graffiti-shop.lt\/sv\/wp-json\/wp\/v2\/product\/941"}],"collection":[{"href":"https:\/\/graffiti-shop.lt\/sv\/wp-json\/wp\/v2\/product"}],"about":[{"href":"https:\/\/graffiti-shop.lt\/sv\/wp-json\/wp\/v2\/types\/product"}],"replies":[{"embeddable":true,"href":"https:\/\/graffiti-shop.lt\/sv\/wp-json\/wp\/v2\/comments?post=941"}],"wp:featuredmedia":[{"embeddable":true,"href":"https:\/\/graffiti-shop.lt\/sv\/wp-json\/wp\/v2\/media\/1183"}],"wp:attachment":[{"href":"https:\/\/graffiti-shop.lt\/sv\/wp-json\/wp\/v2\/media?parent=941"}],"wp:term":[{"taxonomy":"product_cat","embeddable":true,"href":"https:\/\/graffiti-shop.lt\/sv\/wp-json\/wp\/v2\/product_cat?post=941"},{"taxonomy":"product_tag","embeddable":true,"href":"https:\/\/graffiti-shop.lt\/sv\/wp-json\/wp\/v2\/product_tag?post=941"}],"curies":[{"name":"wp","href":"https:\/\/api.w.org\/{rel}","templated":true}]}}