{"id":969,"date":"2024-01-18T21:08:49","date_gmt":"2024-01-18T19:08:49","guid":{"rendered":"https:\/\/graffiti-shop.lt\/?post_type=product&#038;p=969"},"modified":"2025-04-13T22:09:20","modified_gmt":"2025-04-13T19:09:20","slug":"dazai-montana-gold-frozen-raspberry","status":"publish","type":"product","link":"https:\/\/graffiti-shop.lt\/sv\/produkt\/dazai-montana-gold-frozen-raspberry\/","title":{"rendered":"Da\u017eai Montana Gold &#8211; Frozen Raspberry"},"content":{"rendered":"<p>Da\u017eai Montana Gold, Frozen Raspberry \u2013 tai ro\u017ein\u0117s spalvos aerozoliniai graffiti da\u017eai.<\/p>\n<p>\u201eMontana\u201c yra populiariausias prek\u0117s \u017eenklas graffiti pasaulyje. \u0160ie da\u017eai yra auk\u0161\u010diausios kokyb\u0117s bei u\u017etikrinantys nusipurk\u0161to meno k\u016brinio ilgaam\u017ei\u0161kum\u0105. Aerozolini\u0173 da\u017e\u0173 balion\u0117lio dydis 400 ml. Da\u017eai turi apsaugin\u0119 gum\u0105, kuri leid\u017eia saugiai gabenti da\u017eus kuprin\u0117je. Prie\u0161 pur\u0161kiant nuimkite apsaugin\u0117 gum\u0105 bei pakratykite da\u017e\u0173 balion\u0117l\u012f. Smagaus pie\u0161imo!<\/p>","protected":false},"excerpt":{"rendered":"<p>Da\u017eai Montana Gold, Frozen Raspberry \u2013 tai ro\u017ein\u0117s spalvos aerozoliniai graffiti da\u017eai. \u201eMontana\u201c yra populiariausias prek\u0117s \u017eenklas graffiti pasaulyje. \u0160ie da\u017eai yra auk\u0161\u010diausios kokyb\u0117s bei u\u017etikrinantys nusipurk\u0161to meno k\u016brinio ilgaam\u017ei\u0161kum\u0105. Aerozolini\u0173 da\u017e\u0173 balion\u0117lio dydis 400 ml. Da\u017eai turi apsaugin\u0119 gum\u0105,&#8230;<\/p>","protected":false},"featured_media":970,"comment_status":"open","ping_status":"closed","template":"","meta":[],"product_cat":[23],"product_tag":[],"yoast_head":"<!-- This site is optimized with the Yoast SEO plugin v21.9.1 - https:\/\/yoast.com\/wordpress\/plugins\/seo\/ -->\n<title>Da\u017eai Montana Gold - Frozen Raspberry - graffiti-shop.lt<\/title>\n<meta name=\"robots\" content=\"index, follow, max-snippet:-1, max-image-preview:large, max-video-preview:-1\" \/>\n<link rel=\"canonical\" href=\"https:\/\/graffiti-shop.lt\/sv\/produkt\/dazai-montana-gold-frozen-raspberry\/\" \/>\n<meta property=\"og:locale\" content=\"sv_SE\" \/>\n<meta property=\"og:type\" content=\"article\" \/>\n<meta property=\"og:title\" content=\"Da\u017eai Montana Gold - Frozen Raspberry - graffiti-shop.lt\" \/>\n<meta property=\"og:description\" content=\"Da\u017eai Montana Gold, Frozen Raspberry \u2013 tai ro\u017ein\u0117s spalvos aerozoliniai graffiti da\u017eai. \u201eMontana\u201c yra populiariausias prek\u0117s \u017eenklas graffiti pasaulyje. \u0160ie da\u017eai yra auk\u0161\u010diausios kokyb\u0117s bei u\u017etikrinantys nusipurk\u0161to meno k\u016brinio ilgaam\u017ei\u0161kum\u0105. Aerozolini\u0173 da\u017e\u0173 balion\u0117lio dydis 400 ml. Da\u017eai turi apsaugin\u0119 gum\u0105,...\" \/>\n<meta property=\"og:url\" content=\"https:\/\/graffiti-shop.lt\/sv\/produkt\/dazai-montana-gold-frozen-raspberry\/\" \/>\n<meta property=\"og:site_name\" content=\"graffiti-shop.lt\" \/>\n<meta property=\"article:modified_time\" content=\"2025-04-13T19:09:20+00:00\" \/>\n<meta property=\"og:image\" content=\"https:\/\/graffiti-shop.lt\/wp-content\/uploads\/2024\/01\/Frozen-Raspberry.jpg\" \/>\n\t<meta property=\"og:image:width\" content=\"1024\" \/>\n\t<meta property=\"og:image:height\" content=\"1308\" \/>\n\t<meta property=\"og:image:type\" content=\"image\/jpeg\" \/>\n<meta name=\"twitter:card\" content=\"summary_large_image\" \/>\n<meta name=\"twitter:label1\" content=\"Ber\u00e4knad l\u00e4stid\" \/>\n\t<meta name=\"twitter:data1\" content=\"1 minut\" \/>\n<script type=\"application\/ld+json\" class=\"yoast-schema-graph\">{\"@context\":\"https:\/\/schema.org\",\"@graph\":[{\"@type\":\"WebPage\",\"@id\":\"https:\/\/graffiti-shop.lt\/produktas\/dazai-montana-gold-frozen-raspberry\/\",\"url\":\"https:\/\/graffiti-shop.lt\/produktas\/dazai-montana-gold-frozen-raspberry\/\",\"name\":\"Da\u017eai Montana Gold - Frozen Raspberry - graffiti-shop.lt\",\"isPartOf\":{\"@id\":\"https:\/\/graffiti-shop.lt\/#website\"},\"datePublished\":\"2024-01-18T19:08:49+00:00\",\"dateModified\":\"2025-04-13T19:09:20+00:00\",\"breadcrumb\":{\"@id\":\"https:\/\/graffiti-shop.lt\/produktas\/dazai-montana-gold-frozen-raspberry\/#breadcrumb\"},\"inLanguage\":\"sv-SE\",\"potentialAction\":[{\"@type\":\"ReadAction\",\"target\":[\"https:\/\/graffiti-shop.lt\/produktas\/dazai-montana-gold-frozen-raspberry\/\"]}]},{\"@type\":\"BreadcrumbList\",\"@id\":\"https:\/\/graffiti-shop.lt\/produktas\/dazai-montana-gold-frozen-raspberry\/#breadcrumb\",\"itemListElement\":[{\"@type\":\"ListItem\",\"position\":1,\"name\":\"Home\",\"item\":\"https:\/\/graffiti-shop.lt\/\"},{\"@type\":\"ListItem\",\"position\":2,\"name\":\"Parduotuv\u0117\",\"item\":\"https:\/\/graffiti-shop.lt\/parduotuve\/\"},{\"@type\":\"ListItem\",\"position\":3,\"name\":\"Da\u017eai Montana Gold &#8211; Frozen Raspberry\"}]},{\"@type\":\"WebSite\",\"@id\":\"https:\/\/graffiti-shop.lt\/#website\",\"url\":\"https:\/\/graffiti-shop.lt\/\",\"name\":\"graffiti-shop.lt\",\"description\":\"\",\"publisher\":{\"@id\":\"https:\/\/graffiti-shop.lt\/#organization\"},\"potentialAction\":[{\"@type\":\"SearchAction\",\"target\":{\"@type\":\"EntryPoint\",\"urlTemplate\":\"https:\/\/graffiti-shop.lt\/?s={search_term_string}\"},\"query-input\":\"required name=search_term_string\"}],\"inLanguage\":\"sv-SE\"},{\"@type\":\"Organization\",\"@id\":\"https:\/\/graffiti-shop.lt\/#organization\",\"name\":\"graffiti-shop.lt\",\"url\":\"https:\/\/graffiti-shop.lt\/\",\"logo\":{\"@type\":\"ImageObject\",\"inLanguage\":\"sv-SE\",\"@id\":\"https:\/\/graffiti-shop.lt\/#\/schema\/logo\/image\/\",\"url\":\"https:\/\/graffiti-shop.lt\/wp-content\/uploads\/2025\/03\/cropped-Logo-1.png\",\"contentUrl\":\"https:\/\/graffiti-shop.lt\/wp-content\/uploads\/2025\/03\/cropped-Logo-1.png\",\"width\":486,\"height\":386,\"caption\":\"graffiti-shop.lt\"},\"image\":{\"@id\":\"https:\/\/graffiti-shop.lt\/#\/schema\/logo\/image\/\"}}]}<\/script>\n<!-- \/ Yoast SEO plugin. -->","yoast_head_json":{"title":"Da\u017eai Montana Gold - Frozen Raspberry - graffiti-shop.lt","robots":{"index":"index","follow":"follow","max-snippet":"max-snippet:-1","max-image-preview":"max-image-preview:large","max-video-preview":"max-video-preview:-1"},"canonical":"https:\/\/graffiti-shop.lt\/sv\/produkt\/dazai-montana-gold-frozen-raspberry\/","og_locale":"sv_SE","og_type":"article","og_title":"Da\u017eai Montana Gold - Frozen Raspberry - graffiti-shop.lt","og_description":"Da\u017eai Montana Gold, Frozen Raspberry \u2013 tai ro\u017ein\u0117s spalvos aerozoliniai graffiti da\u017eai. \u201eMontana\u201c yra populiariausias prek\u0117s \u017eenklas graffiti pasaulyje. \u0160ie da\u017eai yra auk\u0161\u010diausios kokyb\u0117s bei u\u017etikrinantys nusipurk\u0161to meno k\u016brinio ilgaam\u017ei\u0161kum\u0105. Aerozolini\u0173 da\u017e\u0173 balion\u0117lio dydis 400 ml. Da\u017eai turi apsaugin\u0119 gum\u0105,...","og_url":"https:\/\/graffiti-shop.lt\/sv\/produkt\/dazai-montana-gold-frozen-raspberry\/","og_site_name":"graffiti-shop.lt","article_modified_time":"2025-04-13T19:09:20+00:00","og_image":[{"width":1024,"height":1308,"url":"https:\/\/graffiti-shop.lt\/wp-content\/uploads\/2024\/01\/Frozen-Raspberry.jpg","type":"image\/jpeg"}],"twitter_card":"summary_large_image","twitter_misc":{"Ber\u00e4knad l\u00e4stid":"1 minut"},"schema":{"@context":"https:\/\/schema.org","@graph":[{"@type":"WebPage","@id":"https:\/\/graffiti-shop.lt\/produktas\/dazai-montana-gold-frozen-raspberry\/","url":"https:\/\/graffiti-shop.lt\/produktas\/dazai-montana-gold-frozen-raspberry\/","name":"Da\u017eai Montana Gold - Frozen Raspberry - graffiti-shop.lt","isPartOf":{"@id":"https:\/\/graffiti-shop.lt\/#website"},"datePublished":"2024-01-18T19:08:49+00:00","dateModified":"2025-04-13T19:09:20+00:00","breadcrumb":{"@id":"https:\/\/graffiti-shop.lt\/produktas\/dazai-montana-gold-frozen-raspberry\/#breadcrumb"},"inLanguage":"sv-SE","potentialAction":[{"@type":"ReadAction","target":["https:\/\/graffiti-shop.lt\/produktas\/dazai-montana-gold-frozen-raspberry\/"]}]},{"@type":"BreadcrumbList","@id":"https:\/\/graffiti-shop.lt\/produktas\/dazai-montana-gold-frozen-raspberry\/#breadcrumb","itemListElement":[{"@type":"ListItem","position":1,"name":"Home","item":"https:\/\/graffiti-shop.lt\/"},{"@type":"ListItem","position":2,"name":"Parduotuv\u0117","item":"https:\/\/graffiti-shop.lt\/parduotuve\/"},{"@type":"ListItem","position":3,"name":"Da\u017eai Montana Gold &#8211; Frozen Raspberry"}]},{"@type":"WebSite","@id":"https:\/\/graffiti-shop.lt\/#website","url":"https:\/\/graffiti-shop.lt\/","name":"graffiti-shop.lt","description":"","publisher":{"@id":"https:\/\/graffiti-shop.lt\/#organization"},"potentialAction":[{"@type":"SearchAction","target":{"@type":"EntryPoint","urlTemplate":"https:\/\/graffiti-shop.lt\/?s={search_term_string}"},"query-input":"required name=search_term_string"}],"inLanguage":"sv-SE"},{"@type":"Organization","@id":"https:\/\/graffiti-shop.lt\/#organization","name":"graffiti-shop.lt","url":"https:\/\/graffiti-shop.lt\/","logo":{"@type":"ImageObject","inLanguage":"sv-SE","@id":"https:\/\/graffiti-shop.lt\/#\/schema\/logo\/image\/","url":"https:\/\/graffiti-shop.lt\/wp-content\/uploads\/2025\/03\/cropped-Logo-1.png","contentUrl":"https:\/\/graffiti-shop.lt\/wp-content\/uploads\/2025\/03\/cropped-Logo-1.png","width":486,"height":386,"caption":"graffiti-shop.lt"},"image":{"@id":"https:\/\/graffiti-shop.lt\/#\/schema\/logo\/image\/"}}]}},"jetpack_sharing_enabled":true,"_links":{"self":[{"href":"https:\/\/graffiti-shop.lt\/sv\/wp-json\/wp\/v2\/product\/969"}],"collection":[{"href":"https:\/\/graffiti-shop.lt\/sv\/wp-json\/wp\/v2\/product"}],"about":[{"href":"https:\/\/graffiti-shop.lt\/sv\/wp-json\/wp\/v2\/types\/product"}],"replies":[{"embeddable":true,"href":"https:\/\/graffiti-shop.lt\/sv\/wp-json\/wp\/v2\/comments?post=969"}],"wp:featuredmedia":[{"embeddable":true,"href":"https:\/\/graffiti-shop.lt\/sv\/wp-json\/wp\/v2\/media\/970"}],"wp:attachment":[{"href":"https:\/\/graffiti-shop.lt\/sv\/wp-json\/wp\/v2\/media?parent=969"}],"wp:term":[{"taxonomy":"product_cat","embeddable":true,"href":"https:\/\/graffiti-shop.lt\/sv\/wp-json\/wp\/v2\/product_cat?post=969"},{"taxonomy":"product_tag","embeddable":true,"href":"https:\/\/graffiti-shop.lt\/sv\/wp-json\/wp\/v2\/product_tag?post=969"}],"curies":[{"name":"wp","href":"https:\/\/api.w.org\/{rel}","templated":true}]}}