{"id":975,"date":"2024-01-18T21:14:21","date_gmt":"2024-01-18T19:14:21","guid":{"rendered":"https:\/\/graffiti-shop.lt\/?post_type=product&#038;p=975"},"modified":"2025-04-13T22:09:18","modified_gmt":"2025-04-13T19:09:18","slug":"pirstines","status":"publish","type":"product","link":"https:\/\/graffiti-shop.lt\/sv\/produkt\/pirstines\/","title":{"rendered":"Pir\u0161tin\u0117s"},"content":{"rendered":"<p>Nitril pir\u0161tin\u0117s \u2013 L rank\u0173 dyd\u017eio pir\u0161tin\u0117s, kurios neleid\u017eia aerozoliniams da\u017eams patekti ant j\u016bs\u0173 rank\u0173. Pir\u0161tin\u0117s turi ger\u0105 sukibim\u0105 su i\u0161oriniais pavir\u0161iais bei leid\u017eia naudotis telefono funkcijomis vilkint jas. Pir\u0161tini\u0173 spalva \u2013 juoda. Pagamintos i\u0161 latekso med\u017eiagos.<\/p>","protected":false},"excerpt":{"rendered":"<p>Nitril pir\u0161tin\u0117s \u2013 L rank\u0173 dyd\u017eio pir\u0161tin\u0117s, kurios neleid\u017eia aerozoliniams da\u017eams patekti ant j\u016bs\u0173 rank\u0173. Pir\u0161tin\u0117s turi ger\u0105 sukibim\u0105 su i\u0161oriniais pavir\u0161iais bei leid\u017eia naudotis telefono funkcijomis vilkint jas. Pir\u0161tini\u0173 spalva \u2013 juoda. Pagamintos i\u0161 latekso med\u017eiagos.<\/p>","protected":false},"featured_media":976,"comment_status":"open","ping_status":"closed","template":"","meta":[],"product_cat":[27],"product_tag":[],"yoast_head":"<!-- This site is optimized with the Yoast SEO plugin v21.9.1 - https:\/\/yoast.com\/wordpress\/plugins\/seo\/ -->\n<title>Pir\u0161tin\u0117s - graffiti-shop.lt<\/title>\n<meta name=\"robots\" content=\"index, follow, max-snippet:-1, max-image-preview:large, max-video-preview:-1\" \/>\n<link rel=\"canonical\" href=\"https:\/\/graffiti-shop.lt\/sv\/produkt\/pirstines\/\" \/>\n<meta property=\"og:locale\" content=\"sv_SE\" \/>\n<meta property=\"og:type\" content=\"article\" \/>\n<meta property=\"og:title\" content=\"Pir\u0161tin\u0117s - graffiti-shop.lt\" \/>\n<meta property=\"og:description\" content=\"Nitril pir\u0161tin\u0117s \u2013 L rank\u0173 dyd\u017eio pir\u0161tin\u0117s, kurios neleid\u017eia aerozoliniams da\u017eams patekti ant j\u016bs\u0173 rank\u0173. Pir\u0161tin\u0117s turi ger\u0105 sukibim\u0105 su i\u0161oriniais pavir\u0161iais bei leid\u017eia naudotis telefono funkcijomis vilkint jas. Pir\u0161tini\u0173 spalva \u2013 juoda. Pagamintos i\u0161 latekso med\u017eiagos.\" \/>\n<meta property=\"og:url\" content=\"https:\/\/graffiti-shop.lt\/sv\/produkt\/pirstines\/\" \/>\n<meta property=\"og:site_name\" content=\"graffiti-shop.lt\" \/>\n<meta property=\"article:modified_time\" content=\"2025-04-13T19:09:18+00:00\" \/>\n<meta property=\"og:image\" content=\"https:\/\/graffiti-shop.lt\/wp-content\/uploads\/2024\/01\/nitril_1.jpg\" \/>\n\t<meta property=\"og:image:width\" content=\"1322\" \/>\n\t<meta property=\"og:image:height\" content=\"898\" \/>\n\t<meta property=\"og:image:type\" content=\"image\/jpeg\" \/>\n<meta name=\"twitter:card\" content=\"summary_large_image\" \/>\n<script type=\"application\/ld+json\" class=\"yoast-schema-graph\">{\"@context\":\"https:\/\/schema.org\",\"@graph\":[{\"@type\":\"WebPage\",\"@id\":\"https:\/\/graffiti-shop.lt\/produktas\/pirstines\/\",\"url\":\"https:\/\/graffiti-shop.lt\/produktas\/pirstines\/\",\"name\":\"Pir\u0161tin\u0117s - graffiti-shop.lt\",\"isPartOf\":{\"@id\":\"https:\/\/graffiti-shop.lt\/#website\"},\"datePublished\":\"2024-01-18T19:14:21+00:00\",\"dateModified\":\"2025-04-13T19:09:18+00:00\",\"breadcrumb\":{\"@id\":\"https:\/\/graffiti-shop.lt\/produktas\/pirstines\/#breadcrumb\"},\"inLanguage\":\"sv-SE\",\"potentialAction\":[{\"@type\":\"ReadAction\",\"target\":[\"https:\/\/graffiti-shop.lt\/produktas\/pirstines\/\"]}]},{\"@type\":\"BreadcrumbList\",\"@id\":\"https:\/\/graffiti-shop.lt\/produktas\/pirstines\/#breadcrumb\",\"itemListElement\":[{\"@type\":\"ListItem\",\"position\":1,\"name\":\"Home\",\"item\":\"https:\/\/graffiti-shop.lt\/\"},{\"@type\":\"ListItem\",\"position\":2,\"name\":\"Parduotuv\u0117\",\"item\":\"https:\/\/graffiti-shop.lt\/parduotuve\/\"},{\"@type\":\"ListItem\",\"position\":3,\"name\":\"Pir\u0161tin\u0117s\"}]},{\"@type\":\"WebSite\",\"@id\":\"https:\/\/graffiti-shop.lt\/#website\",\"url\":\"https:\/\/graffiti-shop.lt\/\",\"name\":\"graffiti-shop.lt\",\"description\":\"\",\"publisher\":{\"@id\":\"https:\/\/graffiti-shop.lt\/#organization\"},\"potentialAction\":[{\"@type\":\"SearchAction\",\"target\":{\"@type\":\"EntryPoint\",\"urlTemplate\":\"https:\/\/graffiti-shop.lt\/?s={search_term_string}\"},\"query-input\":\"required name=search_term_string\"}],\"inLanguage\":\"sv-SE\"},{\"@type\":\"Organization\",\"@id\":\"https:\/\/graffiti-shop.lt\/#organization\",\"name\":\"graffiti-shop.lt\",\"url\":\"https:\/\/graffiti-shop.lt\/\",\"logo\":{\"@type\":\"ImageObject\",\"inLanguage\":\"sv-SE\",\"@id\":\"https:\/\/graffiti-shop.lt\/#\/schema\/logo\/image\/\",\"url\":\"https:\/\/graffiti-shop.lt\/wp-content\/uploads\/2025\/03\/cropped-Logo-1.png\",\"contentUrl\":\"https:\/\/graffiti-shop.lt\/wp-content\/uploads\/2025\/03\/cropped-Logo-1.png\",\"width\":486,\"height\":386,\"caption\":\"graffiti-shop.lt\"},\"image\":{\"@id\":\"https:\/\/graffiti-shop.lt\/#\/schema\/logo\/image\/\"}}]}<\/script>\n<!-- \/ Yoast SEO plugin. -->","yoast_head_json":{"title":"Pir\u0161tin\u0117s - graffiti-shop.lt","robots":{"index":"index","follow":"follow","max-snippet":"max-snippet:-1","max-image-preview":"max-image-preview:large","max-video-preview":"max-video-preview:-1"},"canonical":"https:\/\/graffiti-shop.lt\/sv\/produkt\/pirstines\/","og_locale":"sv_SE","og_type":"article","og_title":"Pir\u0161tin\u0117s - graffiti-shop.lt","og_description":"Nitril pir\u0161tin\u0117s \u2013 L rank\u0173 dyd\u017eio pir\u0161tin\u0117s, kurios neleid\u017eia aerozoliniams da\u017eams patekti ant j\u016bs\u0173 rank\u0173. Pir\u0161tin\u0117s turi ger\u0105 sukibim\u0105 su i\u0161oriniais pavir\u0161iais bei leid\u017eia naudotis telefono funkcijomis vilkint jas. Pir\u0161tini\u0173 spalva \u2013 juoda. Pagamintos i\u0161 latekso med\u017eiagos.","og_url":"https:\/\/graffiti-shop.lt\/sv\/produkt\/pirstines\/","og_site_name":"graffiti-shop.lt","article_modified_time":"2025-04-13T19:09:18+00:00","og_image":[{"width":1322,"height":898,"url":"https:\/\/graffiti-shop.lt\/wp-content\/uploads\/2024\/01\/nitril_1.jpg","type":"image\/jpeg"}],"twitter_card":"summary_large_image","schema":{"@context":"https:\/\/schema.org","@graph":[{"@type":"WebPage","@id":"https:\/\/graffiti-shop.lt\/produktas\/pirstines\/","url":"https:\/\/graffiti-shop.lt\/produktas\/pirstines\/","name":"Pir\u0161tin\u0117s - graffiti-shop.lt","isPartOf":{"@id":"https:\/\/graffiti-shop.lt\/#website"},"datePublished":"2024-01-18T19:14:21+00:00","dateModified":"2025-04-13T19:09:18+00:00","breadcrumb":{"@id":"https:\/\/graffiti-shop.lt\/produktas\/pirstines\/#breadcrumb"},"inLanguage":"sv-SE","potentialAction":[{"@type":"ReadAction","target":["https:\/\/graffiti-shop.lt\/produktas\/pirstines\/"]}]},{"@type":"BreadcrumbList","@id":"https:\/\/graffiti-shop.lt\/produktas\/pirstines\/#breadcrumb","itemListElement":[{"@type":"ListItem","position":1,"name":"Home","item":"https:\/\/graffiti-shop.lt\/"},{"@type":"ListItem","position":2,"name":"Parduotuv\u0117","item":"https:\/\/graffiti-shop.lt\/parduotuve\/"},{"@type":"ListItem","position":3,"name":"Pir\u0161tin\u0117s"}]},{"@type":"WebSite","@id":"https:\/\/graffiti-shop.lt\/#website","url":"https:\/\/graffiti-shop.lt\/","name":"graffiti-shop.lt","description":"","publisher":{"@id":"https:\/\/graffiti-shop.lt\/#organization"},"potentialAction":[{"@type":"SearchAction","target":{"@type":"EntryPoint","urlTemplate":"https:\/\/graffiti-shop.lt\/?s={search_term_string}"},"query-input":"required name=search_term_string"}],"inLanguage":"sv-SE"},{"@type":"Organization","@id":"https:\/\/graffiti-shop.lt\/#organization","name":"graffiti-shop.lt","url":"https:\/\/graffiti-shop.lt\/","logo":{"@type":"ImageObject","inLanguage":"sv-SE","@id":"https:\/\/graffiti-shop.lt\/#\/schema\/logo\/image\/","url":"https:\/\/graffiti-shop.lt\/wp-content\/uploads\/2025\/03\/cropped-Logo-1.png","contentUrl":"https:\/\/graffiti-shop.lt\/wp-content\/uploads\/2025\/03\/cropped-Logo-1.png","width":486,"height":386,"caption":"graffiti-shop.lt"},"image":{"@id":"https:\/\/graffiti-shop.lt\/#\/schema\/logo\/image\/"}}]}},"jetpack_sharing_enabled":true,"_links":{"self":[{"href":"https:\/\/graffiti-shop.lt\/sv\/wp-json\/wp\/v2\/product\/975"}],"collection":[{"href":"https:\/\/graffiti-shop.lt\/sv\/wp-json\/wp\/v2\/product"}],"about":[{"href":"https:\/\/graffiti-shop.lt\/sv\/wp-json\/wp\/v2\/types\/product"}],"replies":[{"embeddable":true,"href":"https:\/\/graffiti-shop.lt\/sv\/wp-json\/wp\/v2\/comments?post=975"}],"wp:featuredmedia":[{"embeddable":true,"href":"https:\/\/graffiti-shop.lt\/sv\/wp-json\/wp\/v2\/media\/976"}],"wp:attachment":[{"href":"https:\/\/graffiti-shop.lt\/sv\/wp-json\/wp\/v2\/media?parent=975"}],"wp:term":[{"taxonomy":"product_cat","embeddable":true,"href":"https:\/\/graffiti-shop.lt\/sv\/wp-json\/wp\/v2\/product_cat?post=975"},{"taxonomy":"product_tag","embeddable":true,"href":"https:\/\/graffiti-shop.lt\/sv\/wp-json\/wp\/v2\/product_tag?post=975"}],"curies":[{"name":"wp","href":"https:\/\/api.w.org\/{rel}","templated":true}]}}