{"id":983,"date":"2024-01-18T21:26:16","date_gmt":"2024-01-18T19:26:16","guid":{"rendered":"https:\/\/graffiti-shop.lt\/?post_type=product&#038;p=983"},"modified":"2025-04-13T22:09:15","modified_gmt":"2025-04-13T19:09:15","slug":"stencil-graffiti-komplektas-pop-smoke","status":"publish","type":"product","link":"https:\/\/graffiti-shop.lt\/sv\/produkt\/stencil-graffiti-komplektas-pop-smoke\/","title":{"rendered":"Stencil graffiti komplektas &#8211; \u201ePop Smoke\u201d"},"content":{"rendered":"<p>Stencil Graffiti komplektas \u2013 da\u017eniausiai naudojama prek\u0117 graffiti men\u0105 pam\u0117gusi\u0173 \u017emoni\u0173. Komplekt\u0105 sudaro vienas stencil trafaretas, trij\u0173 spalv\u0173 graffiti da\u017eai, viena pie\u0161imo plok\u0161t\u0117, pie\u0161imo pir\u0161tin\u0117s ir aerozolin\u0117 da\u017e\u0173 galvut\u0117. Tai i\u0161skirtin\u0117 laisvalaikio pramog\u0105, kuri atpalaiduoja mintis ir skatina k\u016brybi\u0161kum\u0105 bei unikali dovana mylimam draugui. M\u0117gstam\u0105 atlik\u0117j\u0105 u\u017etrunka nusipie\u0161ti vos 20 minu\u010di\u0173, o gautas meno k\u016brinys puikiai tinka nam\u0173 interjero dekoracijai. Pasigaminto paveikslo matmenys: 65 cm x 65 cm. Tapk graffiti menininku jau dabar!<\/p>","protected":false},"excerpt":{"rendered":"<p>Komplekt\u0105 sudaro: Trafaretas \u201ePop Smoke\u201c, trij\u0173 spalv\u0173 da\u017eai Montana Gold, Shock White + Shock Black + Bermuda, pie\u0161imo plok\u0161t\u0117, pir\u0161tin\u0117s L did\u017eio, Fat Cap Pink da\u017e\u0173 galvut\u0117.<\/p>","protected":false},"featured_media":984,"comment_status":"open","ping_status":"closed","template":"","meta":[],"product_cat":[24],"product_tag":[],"yoast_head":"<!-- This site is optimized with the Yoast SEO plugin v21.9.1 - https:\/\/yoast.com\/wordpress\/plugins\/seo\/ -->\n<title>Stencil graffiti komplektas - \u201ePop Smoke\u201d - graffiti-shop.lt<\/title>\n<meta name=\"description\" content=\"Stencil graffiti komplektas \u2013 \u201ePop Smoke\u201d i\u0161 graffiti-shop.lt! \ud83c\udfa8\u2728 Per 20 minu\u010di\u0173 sukurkite unikal\u0173 meno k\u016brin\u012f savo namams. Lengva, greita ir stilinga!\" \/>\n<meta name=\"robots\" content=\"index, follow, max-snippet:-1, max-image-preview:large, max-video-preview:-1\" \/>\n<link rel=\"canonical\" href=\"https:\/\/graffiti-shop.lt\/sv\/produkt\/stencil-graffiti-komplektas-pop-smoke\/\" \/>\n<meta property=\"og:locale\" content=\"sv_SE\" \/>\n<meta property=\"og:type\" content=\"article\" \/>\n<meta property=\"og:title\" content=\"Stencil graffiti komplektas - \u201ePop Smoke\u201d - graffiti-shop.lt\" \/>\n<meta property=\"og:description\" content=\"Stencil graffiti komplektas \u2013 \u201ePop Smoke\u201d i\u0161 graffiti-shop.lt! \ud83c\udfa8\u2728 Per 20 minu\u010di\u0173 sukurkite unikal\u0173 meno k\u016brin\u012f savo namams. Lengva, greita ir stilinga!\" \/>\n<meta property=\"og:url\" content=\"https:\/\/graffiti-shop.lt\/sv\/produkt\/stencil-graffiti-komplektas-pop-smoke\/\" \/>\n<meta property=\"og:site_name\" content=\"graffiti-shop.lt\" \/>\n<meta property=\"article:modified_time\" content=\"2025-04-13T19:09:15+00:00\" \/>\n<meta property=\"og:image\" content=\"https:\/\/graffiti-shop.lt\/wp-content\/uploads\/2024\/01\/POP-1.png\" \/>\n\t<meta property=\"og:image:width\" content=\"1181\" \/>\n\t<meta property=\"og:image:height\" content=\"1181\" \/>\n\t<meta property=\"og:image:type\" content=\"image\/png\" \/>\n<meta name=\"twitter:card\" content=\"summary_large_image\" \/>\n<meta name=\"twitter:label1\" content=\"Ber\u00e4knad l\u00e4stid\" \/>\n\t<meta name=\"twitter:data1\" content=\"1 minut\" \/>\n<script type=\"application\/ld+json\" class=\"yoast-schema-graph\">{\"@context\":\"https:\/\/schema.org\",\"@graph\":[{\"@type\":\"WebPage\",\"@id\":\"https:\/\/graffiti-shop.lt\/produktas\/stencil-graffiti-komplektas-pop-smoke\/\",\"url\":\"https:\/\/graffiti-shop.lt\/produktas\/stencil-graffiti-komplektas-pop-smoke\/\",\"name\":\"Stencil graffiti komplektas - \u201ePop Smoke\u201d - graffiti-shop.lt\",\"isPartOf\":{\"@id\":\"https:\/\/graffiti-shop.lt\/#website\"},\"datePublished\":\"2024-01-18T19:26:16+00:00\",\"dateModified\":\"2025-04-13T19:09:15+00:00\",\"description\":\"Stencil graffiti komplektas \u2013 \u201ePop Smoke\u201d i\u0161 graffiti-shop.lt! \ud83c\udfa8\u2728 Per 20 minu\u010di\u0173 sukurkite unikal\u0173 meno k\u016brin\u012f savo namams. Lengva, greita ir stilinga!\",\"breadcrumb\":{\"@id\":\"https:\/\/graffiti-shop.lt\/produktas\/stencil-graffiti-komplektas-pop-smoke\/#breadcrumb\"},\"inLanguage\":\"sv-SE\",\"potentialAction\":[{\"@type\":\"ReadAction\",\"target\":[\"https:\/\/graffiti-shop.lt\/produktas\/stencil-graffiti-komplektas-pop-smoke\/\"]}]},{\"@type\":\"BreadcrumbList\",\"@id\":\"https:\/\/graffiti-shop.lt\/produktas\/stencil-graffiti-komplektas-pop-smoke\/#breadcrumb\",\"itemListElement\":[{\"@type\":\"ListItem\",\"position\":1,\"name\":\"Home\",\"item\":\"https:\/\/graffiti-shop.lt\/\"},{\"@type\":\"ListItem\",\"position\":2,\"name\":\"Parduotuv\u0117\",\"item\":\"https:\/\/graffiti-shop.lt\/parduotuve\/\"},{\"@type\":\"ListItem\",\"position\":3,\"name\":\"Stencil graffiti komplektas &#8211; \u201ePop Smoke\u201d\"}]},{\"@type\":\"WebSite\",\"@id\":\"https:\/\/graffiti-shop.lt\/#website\",\"url\":\"https:\/\/graffiti-shop.lt\/\",\"name\":\"graffiti-shop.lt\",\"description\":\"\",\"publisher\":{\"@id\":\"https:\/\/graffiti-shop.lt\/#organization\"},\"potentialAction\":[{\"@type\":\"SearchAction\",\"target\":{\"@type\":\"EntryPoint\",\"urlTemplate\":\"https:\/\/graffiti-shop.lt\/?s={search_term_string}\"},\"query-input\":\"required name=search_term_string\"}],\"inLanguage\":\"sv-SE\"},{\"@type\":\"Organization\",\"@id\":\"https:\/\/graffiti-shop.lt\/#organization\",\"name\":\"graffiti-shop.lt\",\"url\":\"https:\/\/graffiti-shop.lt\/\",\"logo\":{\"@type\":\"ImageObject\",\"inLanguage\":\"sv-SE\",\"@id\":\"https:\/\/graffiti-shop.lt\/#\/schema\/logo\/image\/\",\"url\":\"https:\/\/graffiti-shop.lt\/wp-content\/uploads\/2025\/03\/cropped-Logo-1.png\",\"contentUrl\":\"https:\/\/graffiti-shop.lt\/wp-content\/uploads\/2025\/03\/cropped-Logo-1.png\",\"width\":486,\"height\":386,\"caption\":\"graffiti-shop.lt\"},\"image\":{\"@id\":\"https:\/\/graffiti-shop.lt\/#\/schema\/logo\/image\/\"}}]}<\/script>\n<!-- \/ Yoast SEO plugin. -->","yoast_head_json":{"title":"Stencil graffiti komplektas - \u201ePop Smoke\u201d - graffiti-shop.lt","description":"Stencil graffiti komplektas \u2013 \u201ePop Smoke\u201d i\u0161 graffiti-shop.lt! \ud83c\udfa8\u2728 Per 20 minu\u010di\u0173 sukurkite unikal\u0173 meno k\u016brin\u012f savo namams. Lengva, greita ir stilinga!","robots":{"index":"index","follow":"follow","max-snippet":"max-snippet:-1","max-image-preview":"max-image-preview:large","max-video-preview":"max-video-preview:-1"},"canonical":"https:\/\/graffiti-shop.lt\/sv\/produkt\/stencil-graffiti-komplektas-pop-smoke\/","og_locale":"sv_SE","og_type":"article","og_title":"Stencil graffiti komplektas - \u201ePop Smoke\u201d - graffiti-shop.lt","og_description":"Stencil graffiti komplektas \u2013 \u201ePop Smoke\u201d i\u0161 graffiti-shop.lt! \ud83c\udfa8\u2728 Per 20 minu\u010di\u0173 sukurkite unikal\u0173 meno k\u016brin\u012f savo namams. Lengva, greita ir stilinga!","og_url":"https:\/\/graffiti-shop.lt\/sv\/produkt\/stencil-graffiti-komplektas-pop-smoke\/","og_site_name":"graffiti-shop.lt","article_modified_time":"2025-04-13T19:09:15+00:00","og_image":[{"width":1181,"height":1181,"url":"https:\/\/graffiti-shop.lt\/wp-content\/uploads\/2024\/01\/POP-1.png","type":"image\/png"}],"twitter_card":"summary_large_image","twitter_misc":{"Ber\u00e4knad l\u00e4stid":"1 minut"},"schema":{"@context":"https:\/\/schema.org","@graph":[{"@type":"WebPage","@id":"https:\/\/graffiti-shop.lt\/produktas\/stencil-graffiti-komplektas-pop-smoke\/","url":"https:\/\/graffiti-shop.lt\/produktas\/stencil-graffiti-komplektas-pop-smoke\/","name":"Stencil graffiti komplektas - \u201ePop Smoke\u201d - graffiti-shop.lt","isPartOf":{"@id":"https:\/\/graffiti-shop.lt\/#website"},"datePublished":"2024-01-18T19:26:16+00:00","dateModified":"2025-04-13T19:09:15+00:00","description":"Stencil graffiti komplektas \u2013 \u201ePop Smoke\u201d i\u0161 graffiti-shop.lt! \ud83c\udfa8\u2728 Per 20 minu\u010di\u0173 sukurkite unikal\u0173 meno k\u016brin\u012f savo namams. Lengva, greita ir stilinga!","breadcrumb":{"@id":"https:\/\/graffiti-shop.lt\/produktas\/stencil-graffiti-komplektas-pop-smoke\/#breadcrumb"},"inLanguage":"sv-SE","potentialAction":[{"@type":"ReadAction","target":["https:\/\/graffiti-shop.lt\/produktas\/stencil-graffiti-komplektas-pop-smoke\/"]}]},{"@type":"BreadcrumbList","@id":"https:\/\/graffiti-shop.lt\/produktas\/stencil-graffiti-komplektas-pop-smoke\/#breadcrumb","itemListElement":[{"@type":"ListItem","position":1,"name":"Home","item":"https:\/\/graffiti-shop.lt\/"},{"@type":"ListItem","position":2,"name":"Parduotuv\u0117","item":"https:\/\/graffiti-shop.lt\/parduotuve\/"},{"@type":"ListItem","position":3,"name":"Stencil graffiti komplektas &#8211; \u201ePop Smoke\u201d"}]},{"@type":"WebSite","@id":"https:\/\/graffiti-shop.lt\/#website","url":"https:\/\/graffiti-shop.lt\/","name":"graffiti-shop.lt","description":"","publisher":{"@id":"https:\/\/graffiti-shop.lt\/#organization"},"potentialAction":[{"@type":"SearchAction","target":{"@type":"EntryPoint","urlTemplate":"https:\/\/graffiti-shop.lt\/?s={search_term_string}"},"query-input":"required name=search_term_string"}],"inLanguage":"sv-SE"},{"@type":"Organization","@id":"https:\/\/graffiti-shop.lt\/#organization","name":"graffiti-shop.lt","url":"https:\/\/graffiti-shop.lt\/","logo":{"@type":"ImageObject","inLanguage":"sv-SE","@id":"https:\/\/graffiti-shop.lt\/#\/schema\/logo\/image\/","url":"https:\/\/graffiti-shop.lt\/wp-content\/uploads\/2025\/03\/cropped-Logo-1.png","contentUrl":"https:\/\/graffiti-shop.lt\/wp-content\/uploads\/2025\/03\/cropped-Logo-1.png","width":486,"height":386,"caption":"graffiti-shop.lt"},"image":{"@id":"https:\/\/graffiti-shop.lt\/#\/schema\/logo\/image\/"}}]}},"jetpack_sharing_enabled":true,"_links":{"self":[{"href":"https:\/\/graffiti-shop.lt\/sv\/wp-json\/wp\/v2\/product\/983"}],"collection":[{"href":"https:\/\/graffiti-shop.lt\/sv\/wp-json\/wp\/v2\/product"}],"about":[{"href":"https:\/\/graffiti-shop.lt\/sv\/wp-json\/wp\/v2\/types\/product"}],"replies":[{"embeddable":true,"href":"https:\/\/graffiti-shop.lt\/sv\/wp-json\/wp\/v2\/comments?post=983"}],"wp:featuredmedia":[{"embeddable":true,"href":"https:\/\/graffiti-shop.lt\/sv\/wp-json\/wp\/v2\/media\/984"}],"wp:attachment":[{"href":"https:\/\/graffiti-shop.lt\/sv\/wp-json\/wp\/v2\/media?parent=983"}],"wp:term":[{"taxonomy":"product_cat","embeddable":true,"href":"https:\/\/graffiti-shop.lt\/sv\/wp-json\/wp\/v2\/product_cat?post=983"},{"taxonomy":"product_tag","embeddable":true,"href":"https:\/\/graffiti-shop.lt\/sv\/wp-json\/wp\/v2\/product_tag?post=983"}],"curies":[{"name":"wp","href":"https:\/\/api.w.org\/{rel}","templated":true}]}}